{"id":106,"date":"2019-02-27T17:00:43","date_gmt":"2019-02-27T17:00:43","guid":{"rendered":"http:\/\/sizofrenija.lv\/sabiedribai\/?page_id=106"},"modified":"2025-12-19T11:52:30","modified_gmt":"2025-12-19T10:52:30","slug":"iepazisti-sizofreniju","status":"publish","type":"page","link":"https:\/\/sizofrenija.lv\/sabiedribai\/","title":{"rendered":"Homepage"},"content":{"rendered":"\n<div class=\"wp-block-rea-hero-banner-rea-hero-banner-block rea-hero-banner-block front has-margin\"><div class=\"rea-hero-banner-block__image\" style=\"background-image: url(https:\/\/sizofrenija.lv\/sabiedribai\/wp-content\/uploads\/2020\/02\/Flowers2-fs8-1.png)\"><img decoding=\"async\" class=\"hero-banner-background\" alt=\"\" src=\"https:\/\/sizofrenija.lv\/sabiedribai\/wp-content\/uploads\/2020\/02\/Flowers2-fs8-1.png\"><\/div><div class=\"rea-hero-banner-block__content\"><div class=\"rea-hero-banner-block__content--wrapper\"><div class=\"text-wrapper\"><h1 class=\"hero-banner-title\">Esiet sveicin\u0101ti vietn\u0113 sizofrenija.lv<\/h1><p class=\"hero-banner-text\">Noder\u012bgas inform\u0101cijas apkopojums ikvienam, kuru skar \u0161izofr\u0113nija<\/p><a class=\"button__primary button-text\" href=\"https:\/\/sizofrenija.lv\/sabiedribai\/izprast-sizofreniju\/parskats-par-sizofreniju\/\">Kas ir \u0161izofr\u0113nija?<\/a><p class=\"hero-banner-signed-out-text js-hide-dc-signed-in\"><\/p><\/div><div class=\"image-wrapper\"><img decoding=\"async\" class=\"hero-banner-image js-rea-parallax\" alt=\"\" src=\"\"><\/div><\/div><\/div><\/div>\n\n\n<div class=\"wp-block-image\">\n<figure class=\"aligncenter size-full\"><a href=\"https:\/\/sizofrenija.lv\/sabiedribai\/atklati-par-sizofreniju-gimene\/\"><img loading=\"lazy\" decoding=\"async\" width=\"1024\" height=\"334\" src=\"https:\/\/sizofrenija.lv\/sabiedribai\/wp-content\/uploads\/2024\/05\/Atklati_par_sizofreniju_gramata-1.jpg\" alt=\"\" class=\"wp-image-5290\" style=\"object-fit:cover\" srcset=\"https:\/\/sizofrenija.lv\/sabiedribai\/wp-content\/uploads\/2024\/05\/Atklati_par_sizofreniju_gramata-1.jpg 1024w, https:\/\/sizofrenija.lv\/sabiedribai\/wp-content\/uploads\/2024\/05\/Atklati_par_sizofreniju_gramata-1-300x98.jpg 300w, https:\/\/sizofrenija.lv\/sabiedribai\/wp-content\/uploads\/2024\/05\/Atklati_par_sizofreniju_gramata-1-768x251.jpg 768w\" sizes=\"auto, (max-width: 1024px) 100vw, 1024px\" \/><\/a><\/figure>\n<\/div>\n\n\n<div style=\"height: 3.625em;\"><\/div>\n\n\n\n<div class=\"wp-block-rea-paragraph-rea-paragraph-block rea-paragraph-block front\"><div class=\"rea-paragraph-block__content\"><p class=\"content-text\">Cilv\u0113kiem, kuri slimo ar \u0161izofr\u0113niju var b\u016bt da\u017e\u0101di simptomi, un tie var ietekm\u0113t vi\u0146u dz\u012bves kvalit\u0101ti.\u00b2 Parasti simptomi s\u0101k izpausties no 16 l\u012bdz 30 gadiem.\u00b2 Lai noteiktu diagnozi, \u0101rsts izv\u0113rt\u0113 slim\u012bbas simptomus.<br><br><\/p><\/div><\/div>\n\n\n\n<div class=\"wp-block-rea-illustration-rea-illustration-block rea-illustration-block front\"><img class=\"illustration-bg\" alt=\"\"><div class=\"rea-illustration-block__content\"><div class=\"rea-illustration-block__image image-wrapper\"><a href=\"https:\/\/sizofrenija.lv\/sabiedribai\/wp-content\/uploads\/2021\/03\/K008_01_1366px_LV_nobox.png\" rel=\"noopener noreferrer\" target=\"_blank\" class=\"\"><img decoding=\"async\" class=\"illustration center\" alt=\"\" src=\"https:\/\/sizofrenija.lv\/sabiedribai\/wp-content\/uploads\/2021\/03\/K008_01_1366px_LV_nobox.png\" style=\"max-width: 100%\"><img decoding=\"async\" class=\"rea-mobile illustration-mobile\" alt=\"\" src=\"https:\/\/sizofrenija.lv\/sabiedribai\/wp-content\/uploads\/2021\/03\/K008_01_1366px_LV_nobox.png\"><\/a><\/div><p class=\"rea-site__caption caption-text align-center\">Negat\u012bvie simptomi \u0161izofr\u0113nijas noris\u0113  Adapt\u0113ts no Millan et al. 2014<\/p><\/div><\/div>\n\n\n\n<div class=\"wp-block-rea-cta-rea-cta-block rea-cta-block front\"><div class=\"rea-cta-block__content\"><h4 class=\"cta-title\"><\/h4><p class=\"cta-text\"><\/p><a class=\"button__primary button-text\" href=\"https:\/\/sizofrenija.lv\/sabiedribai\/izprast-sizofreniju\/simptomi\/\">Negat\u012bvie simptomi: kas tie ir?<\/a><\/div><\/div>\n\n\n\n<div class=\"wp-block-rea-separator-rea-separator-block rea-separator-block front\"><div class=\"rea-separator-block__content\"><hr class=\"rea-separator-block__separator\"><\/div><\/div>\n\n\n\n<div class=\"wp-block-rea-cta-rea-cta-block rea-cta-block front\"><div class=\"rea-cta-block__content\"><h4 class=\"cta-title\">\u0160izofr\u0113nijas \u0101rst\u0113\u0161ana<\/h4><p class=\"cta-text\">P\u0113c tam, kad noteikta \u0161izofr\u0113nijas <a href=\"https:\/\/sizofrenija.lv\/sabiedribai\/diagnostika-arstesana\/diagnostika\/\">diagnoze<\/a>, \u0101rsts p\u0101rrun\u0101s ar pacientu turpm\u0101ko \u0101rst\u0113\u0161anas pl\u0101nu. Uzs\u0101kot \u0101rst\u0113\u0161anu, ir divi galvenie m\u0113r\u0137i, uz kuriem virz\u012bties kop\u012bgi ar \u0101rstu: ak\u016btu psihotisko epizo\u017eu bie\u017euma un smaguma samazin\u0101\u0161ana un dz\u012bves kvalit\u0101tes uzlabo\u0161ana.\u00b9<\/p><a class=\"button__primary button-text\" href=\"https:\/\/sizofrenija.lv\/sabiedribai\/izprast-sizofreniju\/arstesana\/\">VAI \u0160IZOFR\u0112NIJU VAR \u0100RST\u0112T?<\/a><\/div><\/div>\n\n\n\n<div class=\"wp-block-rea-separator-rea-separator-block rea-separator-block front\"><div class=\"rea-separator-block__content\"><hr class=\"rea-separator-block__separator\"><\/div><\/div>\n\n\n\n<div class=\"wp-block-rea-cta-rea-cta-block rea-cta-block front\"><div class=\"rea-cta-block__content\"><h4 class=\"cta-title\">M\u012bti un paties\u012bba par \u0161izofr\u0113niju<\/h4><p class=\"cta-text\">Iesp\u0113jams, ka Jums jau ir savs priek\u0161stats par \u0161izofr\u0113niju, ta\u010du vai J\u016bs zin\u0101t, k\u0101 at\u0161\u0137irt m\u012btus no paties\u012bbas? Iepaz\u012bstiet izplat\u012bt\u0101kos m\u012btus par \u0161izofr\u0113niju, un kur sl\u0113pjas paties\u012bba.<\/p><a class=\"button__primary button-text\" href=\"https:\/\/sizofrenija.lv\/sabiedribai\/miti-un-patiesiba\/\">Vai \u0161izofr\u0113nija ir p\u0101rmantojama?<\/a><\/div><\/div>\n\n\n\n<div class=\"wp-block-rea-separator-rea-separator-block rea-separator-block front\"><div class=\"rea-separator-block__content\"><hr class=\"rea-separator-block__separator\"><\/div><\/div>\n\n\n\n<div class=\"wp-block-rea-cta-rea-cta-block rea-cta-block front\"><div class=\"rea-cta-block__content\"><h4 class=\"cta-title\">\u0160izofr\u0113nija un atkar\u012bba<\/h4><p class=\"cta-text\">Cilv\u0113kiem, kuri p\u0101rm\u0113r\u012bgi lieto narkotisk\u0101s vielas, da\u017ek\u0101rt att\u012bst\u0101s simptomi, kuri ir \u013coti l\u012bdz\u012bgi \u0161izofr\u0113nijas simptomiem. Da\u017eos gad\u012bjumos narkotisko vielu lieto\u0161ana var tik tie\u0161\u0101m izrais\u012bt slim\u012bbu.<\/p><a class=\"button__primary button-text\" href=\"https:\/\/sizofrenija.lv\/sabiedribai\/atkaribas\/\">\u0160izofr\u0113nijas un atkar\u012bbu izraiso\u0161o vielu rad\u012btie uzved\u012bbas trauc\u0113jumi<\/a><\/div><\/div>\n\n\n\n\n\n\n\n<p><\/p>\n","protected":false},"excerpt":{"rendered":"","protected":false},"author":2,"featured_media":0,"parent":0,"menu_order":0,"comment_status":"closed","ping_status":"closed","template":"page-fullwidth.php","meta":{"_acf_changed":false,"rea_page_title_signed_in_meta_block_field":"","rea_page_title_signed_out_meta_block_field":"","rea_page_description_signed_in_meta_block_field":"","rea_page_description_signed_out_meta_block_field":"","rea_page_footer_id_meta_block_field":"","rea_page_footer_date_meta_block_field":"","footnotes":""},"class_list":["post-106","page","type-page","status-publish","hentry"],"acf":[],"yoast_head":"<!-- This site is optimized with the Yoast SEO plugin v20.8 - https:\/\/yoast.com\/wordpress\/plugins\/seo\/ -->\n<title>Iepaz\u012bsti \u0161izofr\u0113niju!<\/title>\n<meta name=\"description\" content=\"\u0160izofr\u0113nija ir smagi psihisk\u0101s vesel\u012bbas trauc\u0113jumi ar virkni kl\u012bnisko simptomu. Uzzini par diagnostiku, \u0101rst\u0113\u0161anu, k\u0101 dz\u012bvot ar \u0161izofr\u0113niju?\" \/>\n<meta name=\"robots\" content=\"index, follow, max-snippet:-1, max-image-preview:large, max-video-preview:-1\" \/>\n<link rel=\"canonical\" href=\"https:\/\/sizofrenija.lv\/sabiedribai\/\" \/>\n<meta property=\"og:locale\" content=\"en_US\" \/>\n<meta property=\"og:type\" content=\"article\" \/>\n<meta property=\"og:title\" content=\"Iepaz\u012bsti \u0161izofr\u0113niju!\" \/>\n<meta property=\"og:description\" content=\"\u0160izofr\u0113nija ir smagi psihisk\u0101s vesel\u012bbas trauc\u0113jumi ar virkni kl\u012bnisko simptomu. Uzzini par diagnostiku, \u0101rst\u0113\u0161anu, k\u0101 dz\u012bvot ar \u0161izofr\u0113niju?\" \/>\n<meta property=\"og:url\" content=\"https:\/\/sizofrenija.lv\/sabiedribai\/\" \/>\n<meta property=\"og:site_name\" content=\"sizofrenija.lv\/sabiedribai\" \/>\n<meta property=\"article:modified_time\" content=\"2025-12-19T10:52:30+00:00\" \/>\n<meta property=\"og:image\" content=\"https:\/\/sizofrenija.lv\/sabiedribai\/wp-content\/uploads\/2020\/02\/Flowers2-fs8-1.png\" \/>\n<meta name=\"twitter:card\" content=\"summary_large_image\" \/>\n<meta name=\"twitter:label1\" content=\"Est. reading time\" \/>\n\t<meta name=\"twitter:data1\" content=\"3 minutes\" \/>\n<script type=\"application\/ld+json\" class=\"yoast-schema-graph\">{\"@context\":\"https:\/\/schema.org\",\"@graph\":[{\"@type\":\"WebPage\",\"@id\":\"https:\/\/sizofrenija.lv\/sabiedribai\/\",\"url\":\"https:\/\/sizofrenija.lv\/sabiedribai\/\",\"name\":\"Iepaz\u012bsti \u0161izofr\u0113niju!\",\"isPartOf\":{\"@id\":\"https:\/\/sizofrenija.lv\/sabiedribai\/#website\"},\"datePublished\":\"2019-02-27T17:00:43+00:00\",\"dateModified\":\"2025-12-19T10:52:30+00:00\",\"description\":\"\u0160izofr\u0113nija ir smagi psihisk\u0101s vesel\u012bbas trauc\u0113jumi ar virkni kl\u012bnisko simptomu. Uzzini par diagnostiku, \u0101rst\u0113\u0161anu, k\u0101 dz\u012bvot ar \u0161izofr\u0113niju?\",\"breadcrumb\":{\"@id\":\"https:\/\/sizofrenija.lv\/sabiedribai\/#breadcrumb\"},\"inLanguage\":\"en-US\",\"potentialAction\":[{\"@type\":\"ReadAction\",\"target\":[\"https:\/\/sizofrenija.lv\/sabiedribai\/\"]}]},{\"@type\":\"BreadcrumbList\",\"@id\":\"https:\/\/sizofrenija.lv\/sabiedribai\/#breadcrumb\",\"itemListElement\":[{\"@type\":\"ListItem\",\"position\":1,\"name\":\"Home\",\"item\":\"https:\/\/sizofrenija.lv\/sabiedribai\/\"},{\"@type\":\"ListItem\",\"position\":2,\"name\":\"Homepage\"}]},{\"@type\":\"WebSite\",\"@id\":\"https:\/\/sizofrenija.lv\/sabiedribai\/#website\",\"url\":\"https:\/\/sizofrenija.lv\/sabiedribai\/\",\"name\":\"sizofrenija.lv\/sabiedribai\",\"description\":\"\",\"potentialAction\":[{\"@type\":\"SearchAction\",\"target\":{\"@type\":\"EntryPoint\",\"urlTemplate\":\"https:\/\/sizofrenija.lv\/sabiedribai\/?s={search_term_string}\"},\"query-input\":\"required name=search_term_string\"}],\"inLanguage\":\"en-US\"}]}<\/script>\n<!-- \/ Yoast SEO plugin. -->","yoast_head_json":{"title":"Iepaz\u012bsti \u0161izofr\u0113niju!","description":"\u0160izofr\u0113nija ir smagi psihisk\u0101s vesel\u012bbas trauc\u0113jumi ar virkni kl\u012bnisko simptomu. Uzzini par diagnostiku, \u0101rst\u0113\u0161anu, k\u0101 dz\u012bvot ar \u0161izofr\u0113niju?","robots":{"index":"index","follow":"follow","max-snippet":"max-snippet:-1","max-image-preview":"max-image-preview:large","max-video-preview":"max-video-preview:-1"},"canonical":"https:\/\/sizofrenija.lv\/sabiedribai\/","og_locale":"en_US","og_type":"article","og_title":"Iepaz\u012bsti \u0161izofr\u0113niju!","og_description":"\u0160izofr\u0113nija ir smagi psihisk\u0101s vesel\u012bbas trauc\u0113jumi ar virkni kl\u012bnisko simptomu. Uzzini par diagnostiku, \u0101rst\u0113\u0161anu, k\u0101 dz\u012bvot ar \u0161izofr\u0113niju?","og_url":"https:\/\/sizofrenija.lv\/sabiedribai\/","og_site_name":"sizofrenija.lv\/sabiedribai","article_modified_time":"2025-12-19T10:52:30+00:00","og_image":[{"url":"https:\/\/sizofrenija.lv\/sabiedribai\/wp-content\/uploads\/2020\/02\/Flowers2-fs8-1.png"}],"twitter_card":"summary_large_image","twitter_misc":{"Est. reading time":"3 minutes"},"schema":{"@context":"https:\/\/schema.org","@graph":[{"@type":"WebPage","@id":"https:\/\/sizofrenija.lv\/sabiedribai\/","url":"https:\/\/sizofrenija.lv\/sabiedribai\/","name":"Iepaz\u012bsti \u0161izofr\u0113niju!","isPartOf":{"@id":"https:\/\/sizofrenija.lv\/sabiedribai\/#website"},"datePublished":"2019-02-27T17:00:43+00:00","dateModified":"2025-12-19T10:52:30+00:00","description":"\u0160izofr\u0113nija ir smagi psihisk\u0101s vesel\u012bbas trauc\u0113jumi ar virkni kl\u012bnisko simptomu. Uzzini par diagnostiku, \u0101rst\u0113\u0161anu, k\u0101 dz\u012bvot ar \u0161izofr\u0113niju?","breadcrumb":{"@id":"https:\/\/sizofrenija.lv\/sabiedribai\/#breadcrumb"},"inLanguage":"en-US","potentialAction":[{"@type":"ReadAction","target":["https:\/\/sizofrenija.lv\/sabiedribai\/"]}]},{"@type":"BreadcrumbList","@id":"https:\/\/sizofrenija.lv\/sabiedribai\/#breadcrumb","itemListElement":[{"@type":"ListItem","position":1,"name":"Home","item":"https:\/\/sizofrenija.lv\/sabiedribai\/"},{"@type":"ListItem","position":2,"name":"Homepage"}]},{"@type":"WebSite","@id":"https:\/\/sizofrenija.lv\/sabiedribai\/#website","url":"https:\/\/sizofrenija.lv\/sabiedribai\/","name":"sizofrenija.lv\/sabiedribai","description":"","potentialAction":[{"@type":"SearchAction","target":{"@type":"EntryPoint","urlTemplate":"https:\/\/sizofrenija.lv\/sabiedribai\/?s={search_term_string}"},"query-input":"required name=search_term_string"}],"inLanguage":"en-US"}]}},"_links":{"self":[{"href":"https:\/\/sizofrenija.lv\/sabiedribai\/wp-json\/wp\/v2\/pages\/106","targetHints":{"allow":["GET"]}}],"collection":[{"href":"https:\/\/sizofrenija.lv\/sabiedribai\/wp-json\/wp\/v2\/pages"}],"about":[{"href":"https:\/\/sizofrenija.lv\/sabiedribai\/wp-json\/wp\/v2\/types\/page"}],"author":[{"embeddable":true,"href":"https:\/\/sizofrenija.lv\/sabiedribai\/wp-json\/wp\/v2\/users\/2"}],"replies":[{"embeddable":true,"href":"https:\/\/sizofrenija.lv\/sabiedribai\/wp-json\/wp\/v2\/comments?post=106"}],"version-history":[{"count":66,"href":"https:\/\/sizofrenija.lv\/sabiedribai\/wp-json\/wp\/v2\/pages\/106\/revisions"}],"predecessor-version":[{"id":5337,"href":"https:\/\/sizofrenija.lv\/sabiedribai\/wp-json\/wp\/v2\/pages\/106\/revisions\/5337"}],"wp:attachment":[{"href":"https:\/\/sizofrenija.lv\/sabiedribai\/wp-json\/wp\/v2\/media?parent=106"}],"curies":[{"name":"wp","href":"https:\/\/api.w.org\/{rel}","templated":true}]}}