{"id":2221,"date":"2020-01-14T12:54:18","date_gmt":"2020-01-14T12:54:18","guid":{"rendered":"https:\/\/sizofrenija.lv\/sabiedribai\/?page_id=2221"},"modified":"2025-12-19T11:52:30","modified_gmt":"2025-12-19T10:52:30","slug":"simptomi","status":"publish","type":"page","link":"https:\/\/sizofrenija.lv\/sabiedribai\/izprast-sizofreniju\/simptomi\/","title":{"rendered":"Simptomi"},"content":{"rendered":"\n<div class=\"wp-block-rea-inpage-nav-rea-inpage-nav-block rea-inpage-nav-block front has-margin\"><div class=\"rea-inpage-nav-block__image\" style=\"background-image: url(https:\/\/sizofrenija.lv\/sabiedribai\/wp-content\/uploads\/2019\/03\/wooden.png)\"><img decoding=\"async\" class=\"inpage-nav-background\" alt=\"\" src=\"https:\/\/sizofrenija.lv\/sabiedribai\/wp-content\/uploads\/2019\/03\/wooden.png\"><\/div><div class=\"rea-inpage-nav-block__content\"><div class=\"rea-inpage-nav-block__content--wrapper\"><div class=\"text-wrapper\"><h2 class=\"inpage-nav-title\">Simptomi<\/h2><ul class=\"inpage-nav-list\"><li>Ilgu laiku \u0161izofr\u0113nija tika uzskat\u012bta par \u201cmurgu slim\u012bbu\u201d: m\u016bsdienu izpratn\u0113 t\u0101 ir progres\u0113jo\u0161a saslim\u0161ana ar daudzveid\u012bgiem simptomiem.<\/li><\/ul><\/div><div class=\"section-nav\"><h4 class=\"section-nav--title\">\u0160aj\u0101 sada\u013c\u0101<\/h4><div class=\"section-nav--nav-items js-inpage-nav-items\"><\/div><\/div><\/div><\/div><\/div>\n\n\n\n<div class=\"wp-block-rea-paragraph-rea-paragraph-block rea-paragraph-block front\"><div class=\"rea-paragraph-block__content\"><p class=\"content-text\">Cilv\u0113kiem, kuri slimo ar \u0161izofr\u0113niju var b\u016bt da\u017e\u0101di simptomi, kas var ietekm\u0113t vi\u0146u dz\u012bves kvalit\u0101ti.<sup>1<\/sup><br>Parasti simptomi s\u0101k izpausties jaun\u012bb\u0101, tas ir no 16 l\u012bdz 30 gadiem.<sup>2<\/sup><br>\u0100rsts izv\u0113rt\u0113 simptomus, lai noteiktu diagnozi. M\u016bsdien\u0101s pieejamas uzticamas metodes \u0161izofr\u0113nijas diagnozes noteik\u0161anai, k\u0101 ar\u012b efekt\u012bva \u0101rst\u0113\u0161ana, kas var atbr\u012bvot no past\u0101v\u012bgiem, notur\u012bgiem simptomiem, neradot b\u016btiskas blakuspar\u0101d\u012bbas.<sup>3<\/sup><br><br>Saska\u0146\u0101 ar \u0161izofr\u0113nijas \u0101rst\u0113\u0161anas pamatnost\u0101dn\u0113m, \u0161izofr\u0113nijas simptomus iedala tr\u012bs galvenaj\u0101s grup\u0101s:<sup>2<\/sup><\/p><\/div><\/div>\n\n\n\n<div class=\"wp-block-rea-list-rea-list-block rea-list-block front\"><div class=\"rea-list-block__wrapper\"><div class=\"list-unordered list\"><p> <strong>Pozit\u012bvie<\/strong><\/p><p> <strong>Negat\u012bvie<\/strong> <\/p><p> <strong>Kognit\u012bvie<\/strong> <\/p><\/div><\/div><\/div>\n\n\n\n<div class=\"wp-block-rea-title-rea-title-block rea-title-block front\"><div class=\"rea-title-block__content\"><h3 id=\"-strongkas-ir-izofrnijas-pozitvie-simptomistrong\" class=\"content-title \"> <strong>Kas ir \u0161izofr\u0113nijas pozit\u012bvie simptomi?<\/strong><\/h3><h4 class=\"content-subtitle rea-hidden\"><\/h4><\/div><\/div>\n\n\n\n<div class=\"wp-block-rea-paragraph-rea-paragraph-block rea-paragraph-block front\"><div class=\"rea-paragraph-block__content\"><p class=\"content-text\">Cilv\u0113kiem, kuri slimo ar \u0161izofr\u0113niju, <strong>pozit\u012bvie<\/strong> simptomi izpau\u017eas k\u0101 netipiska uzved\u012bba, vi\u0146us p\u0101r\u0146em saj\u016btas, ka da\u013c\u0113ji tiek zaud\u0113ta saikne ar realit\u0101ti.<sup>2<\/sup> Vairumam cilv\u0113ku, kuri slimo ar \u0161izofr\u0113niju, \u0161\u0101di simptomi izpau\u017eas laiku pa laikam, bet citiem tie var b\u016bt notur\u012bgi.<sup>2<\/sup> Nereti \u0161ie simptomi paliek nepaman\u012bti.<sup>2<\/sup> Tie var ietvert:<\/p><\/div><\/div>\n\n\n\n<div class=\"wp-block-rea-list-rea-list-block rea-list-block front\"><div class=\"rea-list-block__wrapper\"><div class=\"list-unordered list\"><p><em>Halucin\u0101cijas<\/em>: cilv\u0113ki var redz\u0113t, dzird\u0113t, ar o\u017eu vai gar\u0161u sajust lietas, kas realit\u0101t\u0113 neeksist\u0113. Rakstur\u012bgs simptoms ir balsu dzird\u0113\u0161ana, un tas var izpausties ilgu laiku pirms \u0123imene vai draugi pamana ko neparastu.<sup>2<\/sup><\/p><p><em>Murgu idejas<\/em>: cilv\u0113ki tic liet\u0101m, kuras paties\u012bb\u0101 neeksist\u0113. Piem\u0113ram, vi\u0146i tic, ka ir apdraud\u0113ti vai ka cilv\u0113ki apk\u0101rt aprun\u0101 vi\u0146us, lai ar\u012b t\u0101 nav paties\u012bba.<sup>2<\/sup><\/p><p><em>Dezorganiz\u0113t\u012bbu, trauc\u0113tu dom\u0101\u0161anu<\/em>: vi\u0146u dom\u0101\u0161anas veids \u0161\u0137iet nelo\u0123isks, un vi\u0146iem var b\u016bt gr\u016bt\u012bbas organiz\u0113t domas. Nereti doma p\u0101rtr\u016bkst teikuma vid\u016b.<sup>2<\/sup><\/p><p><em>Kust\u012bbu trauc\u0113jumus<\/em>: cilv\u0113kiem ar \u0161izofr\u0113niju var b\u016bt d\u012bvainas, atk\u0101rtotas \u0137erme\u0146a kust\u012bbas vai ar\u012b retos gad\u012bjumos vi\u0146i var p\u0101rtraukt uz laiku kust\u0113ties visp\u0101r (katatonija).<sup>2<\/sup><\/p><\/div><\/div><\/div>\n\n\n\n<div class=\"wp-block-rea-separator-rea-separator-block rea-separator-block front\"><div class=\"rea-separator-block__content\"><hr class=\"rea-separator-block__separator\"><\/div><\/div>\n\n\n\n<div class=\"wp-block-rea-title-rea-title-block rea-title-block front\"><div class=\"rea-title-block__content\"><h3 id=\"strongkas-ir-izofrnijas-negatvie-simptomistrong\" class=\"content-title \"><strong>Kas ir \u0161izofr\u0113nijas negat\u012bvie simptomi?<\/strong><\/h3><h4 class=\"content-subtitle rea-hidden\"><\/h4><\/div><\/div>\n\n\n\n<div class=\"wp-block-rea-paragraph-rea-paragraph-block rea-paragraph-block front\"><div class=\"rea-paragraph-block__content\"><p class=\"content-text\">Cilv\u0113kiem, kuri slimo ar \u0161izofr\u0113niju, <strong>negat\u012bvie<\/strong> simptomi izpau\u017eas k\u0101 soci\u0101la atsve\u0161in\u0101\u0161an\u0101s un gr\u016bt\u012bbas izr\u0101d\u012bt emocijas.<sup>2<\/sup> Sal\u012bdzin\u0101jum\u0101 ar pozit\u012bvajiem simptomiem, \u0161os simptomus atpaz\u012bt var b\u016bt v\u0113l gr\u016bt\u0101k, un tos var sajaukt ar depresijas simptomiem vai citiem psihisk\u0101s vesel\u012bbas trauc\u0113jumiem.<sup>2<\/sup> Negat\u012bvie simptomi ietver:<\/p><\/div><\/div>\n\n\n\n<div class=\"wp-block-rea-list-rea-list-block rea-list-block front\"><div class=\"rea-list-block__wrapper\"><div class=\"list-unordered list\"><p>Emociju un izpausmju samazin\u0101jumu, un run\u0101\u0161anu neizteiksm\u012bg\u0101 bals\u012b (<em>bl\u0101vin\u0101tas emocijas<\/em>)<sup>2,4<\/sup><\/p><p>Samazin\u0101tu runas apjomu pat tad, ja ir sak\u0101ms kas svar\u012bgs (<em>alo\u0123ija<\/em>)<sup>2,4<\/sup><\/p><p>Samazin\u0101tu sp\u0113ju izjust pat\u012bkamas emocijas (<em>anhedonija<\/em>)<sup>2,4<\/sup><\/p><p>Soci\u0101lu atsve\u0161in\u0101\u0161anos, ignor\u0113jot ikdienas aktivit\u0101tes (<em>emocion\u0101l\u0101 un soci\u0101l\u0101 atsve\u0161in\u0101\u0161an\u0101s<\/em>)<sup>2,4<\/sup><\/p><p>Motiv\u0101cijas tr\u016bkumu, bezm\u0113r\u0137\u012bbu un nesp\u0113ju r\u012bkoties pl\u0101nveid\u012bgi (<em>ap\u0101tija un gribas tr\u016bkums<\/em>)<sup>2,4<\/sup><\/p><\/div><\/div><\/div>\n\n\n\n<div class=\"wp-block-rea-paragraph-rea-paragraph-block rea-paragraph-block front\"><div class=\"rea-paragraph-block__content\"><p class=\"content-text\">Ja ir diagnostic\u0113ta \u0161izofr\u0113nija ar galvenok\u0101rt rakstur\u012bgiem negat\u012bvajiem simptomiem, \u0101rsts izv\u0113rt\u0113s, vai tie ir <strong>prim\u0101ri<\/strong> vai <strong>sekund\u0101ri<\/strong>.<sup>5<\/sup> Prim\u0101ros negat\u012bvos simptomus uzskata par \u0161izofr\u0113nijas pamatsimptomiem, kam\u0113r sekund\u0101ros negat\u012bvos simptomus uzskata par pozit\u012bvo simptomu izrais\u012btiem.<sup>5<\/sup><br><br> Sekund\u0101rie negat\u012bvie simptomi var b\u016bt sekas:<\/p><\/div><\/div>\n\n\n\n<div class=\"wp-block-rea-list-rea-list-block rea-list-block front\"><div class=\"rea-list-block__wrapper\"><div class=\"list-unordered list\"><p>Neirolo\u0123isk\u0101m nev\u0113lamaj\u0101m blakuspar\u0101d\u012bb\u0101m, piem\u0113ram, ekstrapiramid\u0101lajiem trauc\u0113jumiem, ko var izrais\u012bt z\u0101les ak\u016btas distonijas \u0101rst\u0113\u0161anai; antipsihotisko medikamentu izrais\u012btam parkinsonismam un kust\u012bbu trauc\u0113jumiem<sup>5<\/sup><\/p><p>Depresijai, kas, piem\u0113ram, att\u012bst\u012bjusies p\u0113c p\u0101rciestas psihozes vai antipsihoti\u0137u iedarb\u012bbas rezult\u0101t\u0101<sup>5<\/sup><\/p><p>Vides faktoriem, piem\u0113ram, p\u0113c ilgas uztur\u0113\u0161an\u0101s slimn\u012bc\u0101 var rasties soci\u0101l\u0101 atsve\u0161in\u0101\u0161an\u0101s, jo ilgsto\u0161i nav bijis pietiekamu soci\u0101lo stimulu<sup>5<\/sup><\/p><\/div><\/div><\/div>\n\n\n\n<div class=\"wp-block-rea-separator-rea-separator-block rea-separator-block front\"><div class=\"rea-separator-block__content\"><hr class=\"rea-separator-block__separator\"><\/div><\/div>\n\n\n\n<div class=\"wp-block-rea-title-rea-title-block rea-title-block front\"><div class=\"rea-title-block__content\"><h3 id=\"strongkdi-ir-izofrnijas-kognitvie-simptomistrong\" class=\"content-title \"><strong>K\u0101di ir \u0161izofr\u0113nijas kognit\u012bvie simptomi?<\/strong><\/h3><h4 class=\"content-subtitle rea-hidden\"><\/h4><\/div><\/div>\n\n\n\n<div class=\"wp-block-rea-paragraph-rea-paragraph-block rea-paragraph-block front\"><div class=\"rea-paragraph-block__content\"><p class=\"content-text\">Da\u017eiem pacientiem ir nelieli \u0161izofr\u0113nijas <strong>kognit\u012bvie<\/strong> simptomi, bet citiem tie var izpausties smag\u0101 form\u0101.<sup>2<\/sup> Kognit\u012bvos simptomus ir gr\u016bti identific\u0113t un tie prasa \u012bpa\u0161u izv\u0113rt\u0113\u0161anu.<sup>2<\/sup> Ja cilv\u0113kam, kur\u0161 slimo ar \u0161izofr\u0113niju, ir kognit\u012bvie simptomi, var paman\u012bt:<\/p><\/div><\/div>\n\n\n\n<div class=\"wp-block-rea-list-rea-list-block rea-list-block front\"><div class=\"rea-list-block__wrapper\"><div class=\"list-unordered list\"><p>Pazemin\u0101tas sp\u0113jas apstr\u0101d\u0101t inform\u0101ciju un pie\u0146emt l\u0113mumus<sup>2<\/sup><\/p><p>Gr\u016bt\u012bbas koncentr\u0113ties k\u0101dam uzdevumam<sup>2<\/sup><\/p><p>\u012astermi\u0146a (darba) atmi\u0146as trauc\u0113jumus<sup>2<\/sup><\/p><\/div><\/div><\/div>\n\n\n\n<div class=\"wp-block-rea-separator-rea-separator-block rea-separator-block front\"><div class=\"rea-separator-block__content\"><hr class=\"rea-separator-block__separator\"><\/div><\/div>\n\n\n\n<div class=\"wp-block-rea-title-rea-title-block rea-title-block front\"><div class=\"rea-title-block__content\"><h3 id=\"strongkds-ir-izofrnijas-simptomu-rakstursstrong\" class=\"content-title \"><strong>K\u0101ds ir \u0161izofr\u0113nijas simptomu raksturs?<\/strong><\/h3><h4 class=\"content-subtitle rea-hidden\"><\/h4><\/div><\/div>\n\n\n\n<div class=\"wp-block-rea-paragraph-rea-paragraph-block rea-paragraph-block front\"><div class=\"rea-paragraph-block__content\"><p class=\"content-text\">\u0160izofr\u0113nijai rakstur\u012bgi s\u0101kties ar prodrom\u0101lu periodu, kas var b\u016bt no da\u017e\u0101m dien\u0101m l\u012bdz pat 18 m\u0113ne\u0161iem ilgs. Cilv\u0113ks var paman\u012bt savu funkcion\u0113\u0161anas sp\u0113ju pasliktin\u0101\u0161anos vai ar\u012b atmi\u0146as, koncentr\u0113\u0161an\u0101s gr\u016bt\u012bbas.<sup>6<\/sup> Prodrom\u0101lajam periodam seko pirm\u0101 psihozes epizode, kura izpau\u017eas ar murgiem, halucin\u0101cij\u0101m, uzved\u012bbas trauc\u0113jumiem un distresu.<sup>6<\/sup><br>Pirmajai psihozei seko \u201crezidu\u0101l\u0101\u201d f\u0101ze, kas var turpin\u0101s vair\u0101kus gadus. To var p\u0101rtraukt atk\u0101rtotas ak\u016btas psihotiskas epizodes.<sup>6<\/sup> Ak\u016bt\u0101s psihozes iesp\u0113jams kontrol\u0113t ar atbilsto\u0161u farmakolo\u0123isko un psiholo\u0123isko iejauk\u0161anos.<sup>6<\/sup><br><br>Katram cilv\u0113kam, kur\u0161 slimo ar \u0161izofr\u0113niju, t\u0101s norise sav\u0101 zi\u0146\u0101 ir individu\u0101la, un simptomi nekad neb\u016bs piln\u012bgi vien\u0101di.<sup>6<\/sup> Da\u017eiem pozit\u012bvie simptomi b\u016bs tikai \u012bsu laiku, bet citiem tie b\u016bs notur\u012bgi daudzus gadus, savuk\u0101rt citiem pacientiem slim\u012bba var norit\u0113t visp\u0101r bez prodrom\u0101l\u0101 perioda.<sup>6<\/sup><br><\/p><\/div><\/div>\n\n\n\n<div class=\"wp-block-rea-illustration-rea-illustration-block rea-illustration-block front\"><img class=\"illustration-bg\" alt=\"\"><div class=\"rea-illustration-block__content\"><div class=\"rea-illustration-block__image image-wrapper\"><a href=\"https:\/\/sizofrenija.lv\/sabiedribai\/wp-content\/uploads\/2021\/03\/K008_01_1366px_LV_nobox.png\" rel=\"noopener noreferrer\" target=\"_blank\" class=\"\"><img decoding=\"async\" class=\"illustration center\" alt=\"\" src=\"https:\/\/sizofrenija.lv\/sabiedribai\/wp-content\/uploads\/2021\/03\/K008_01_1366px_LV_nobox.png\" style=\"max-width: 100%\"><img decoding=\"async\" class=\"rea-mobile illustration-mobile\" alt=\"\" src=\"https:\/\/sizofrenija.lv\/sabiedribai\/wp-content\/uploads\/2021\/03\/K008_01_1366px_LV_nobox.png\"><\/a><\/div><p class=\"rea-site__caption caption-text align-center\">Negat\u012bvie simptomi \u0161izofr\u0113nijas noris\u0113. (Adapt\u0113ts no Millan et al., 2014)\u2077<\/p><\/div><\/div>\n\n\n\n<div class=\"wp-block-rea-paragraph-rea-paragraph-block rea-paragraph-block front\"><div class=\"rea-paragraph-block__content\"><p class=\"content-text\">Apmekl\u0113jiet <a href=\"https:\/\/sizofrenija.lv\/sabiedribai\/diagnostika-arstesana\/diagnostika\/\">diagnostikas sada\u013cu<\/a>, lai uzzin\u0101tu k\u0101 nosaka \u0161izofr\u0113nijas diagnozi.<\/p><\/div><\/div>\n\n\n\n<div class=\"wp-block-rea-references-rea-references-block rea-references-block front\"><div class=\"rea-references-block__references\"><p class=\"references-title\">Atsauces<\/p><ol class=\"references-list\"><li>Arsova S. Open Access Maced J Med Sci. 2016;4(3):388-391<\/li><li>National Institute of Mental Health. Schizophrenia: <a href=\"https:\/\/www.nimh.nih.gov\/health\/sabiedribaiations\/schizophrenia\/index.shtml\">https:\/\/www.nimh.nih.gov\/health\/sabiedribaiations\/schizophrenia\/index.shtml<\/a><\/li><li>National Institutes of Health. Schizophrenia NIH Factsheet 2010: <a href=\"https:\/\/report.nih.gov\/nihfactsheets\/viewfactsheet.aspx?csid=67\">https:\/\/report.nih.gov\/nihfactsheets\/viewfactsheet.aspx?csid=67<\/a><\/li><li>Tandon R. Current Psychiatry 2002;1(9):36-42<\/li><li>Kirschner M. Schizophr Res. 2017; 186:29-38<\/li><li>NICE CG 178<\/li><li>Millan et al. Eur Neuropsychopharmacol. 2014; 24(5):645-92<\/li><\/ol><\/div><\/div>\n\n\n\n\n","protected":false},"excerpt":{"rendered":"","protected":false},"author":1,"featured_media":2376,"parent":45,"menu_order":0,"comment_status":"closed","ping_status":"closed","template":"page-fullwidth.php","meta":{"_acf_changed":false,"rea_page_title_signed_in_meta_block_field":"Simptomi","rea_page_title_signed_out_meta_block_field":"Par \u0161izofr\u0113nijas simptomiem","rea_page_description_signed_in_meta_block_field":"Pacientiem, kuri slimo ar \u0161izofr\u0113niju nov\u0113ro da\u017e\u0101dus simptomus, kas var ietekm\u0113t vi\u0146u dz\u012bves kvalit\u0101ti. \u0160ie simptomi parasti s\u0101k izpausties jaun\u012bb\u0101,","rea_page_description_signed_out_meta_block_field":"Pacientiem, kuri slimo ar \u0161izofr\u0113niju nov\u0113ro da\u017e\u0101dus simptomus, kas var ietekm\u0113t vi\u0146u dz\u012bves kvalit\u0101ti. \u0160ie simptomi parasti s\u0101k izpausties jaun\u012bb\u0101,","rea_page_footer_id_meta_block_field":"","rea_page_footer_date_meta_block_field":"","footnotes":""},"class_list":["post-2221","page","type-page","status-publish","has-post-thumbnail","hentry"],"acf":[],"yoast_head":"<!-- This site is optimized with the Yoast SEO plugin v20.8 - https:\/\/yoast.com\/wordpress\/plugins\/seo\/ -->\n<title>Simptomi - sizofrenija.lv\/sabiedribai<\/title>\n<meta name=\"robots\" content=\"index, follow, max-snippet:-1, max-image-preview:large, max-video-preview:-1\" \/>\n<link rel=\"canonical\" href=\"https:\/\/sizofrenija.lv\/sabiedribai\/izprast-sizofreniju\/simptomi\/\" \/>\n<meta property=\"og:locale\" content=\"en_US\" \/>\n<meta property=\"og:type\" content=\"article\" \/>\n<meta property=\"og:title\" content=\"Simptomi - sizofrenija.lv\/sabiedribai\" \/>\n<meta property=\"og:url\" content=\"https:\/\/sizofrenija.lv\/sabiedribai\/izprast-sizofreniju\/simptomi\/\" \/>\n<meta property=\"og:site_name\" content=\"sizofrenija.lv\/sabiedribai\" \/>\n<meta property=\"article:modified_time\" content=\"2025-12-19T10:52:30+00:00\" \/>\n<meta property=\"og:image\" content=\"https:\/\/sizofrenija.lv\/sabiedribai\/wp-content\/uploads\/2020\/01\/symptoms.png\" \/>\n\t<meta property=\"og:image:width\" content=\"299\" \/>\n\t<meta property=\"og:image:height\" content=\"248\" \/>\n\t<meta property=\"og:image:type\" content=\"image\/png\" \/>\n<meta name=\"twitter:card\" content=\"summary_large_image\" \/>\n<meta name=\"twitter:label1\" content=\"Est. reading time\" \/>\n\t<meta name=\"twitter:data1\" content=\"5 minutes\" \/>\n<script type=\"application\/ld+json\" class=\"yoast-schema-graph\">{\"@context\":\"https:\/\/schema.org\",\"@graph\":[{\"@type\":\"WebPage\",\"@id\":\"https:\/\/sizofrenija.lv\/sabiedribai\/izprast-sizofreniju\/simptomi\/\",\"url\":\"https:\/\/sizofrenija.lv\/sabiedribai\/izprast-sizofreniju\/simptomi\/\",\"name\":\"Simptomi - sizofrenija.lv\/sabiedribai\",\"isPartOf\":{\"@id\":\"https:\/\/sizofrenija.lv\/sabiedribai\/#website\"},\"datePublished\":\"2020-01-14T12:54:18+00:00\",\"dateModified\":\"2025-12-19T10:52:30+00:00\",\"breadcrumb\":{\"@id\":\"https:\/\/sizofrenija.lv\/sabiedribai\/izprast-sizofreniju\/simptomi\/#breadcrumb\"},\"inLanguage\":\"en-US\",\"potentialAction\":[{\"@type\":\"ReadAction\",\"target\":[\"https:\/\/sizofrenija.lv\/sabiedribai\/izprast-sizofreniju\/simptomi\/\"]}]},{\"@type\":\"BreadcrumbList\",\"@id\":\"https:\/\/sizofrenija.lv\/sabiedribai\/izprast-sizofreniju\/simptomi\/#breadcrumb\",\"itemListElement\":[{\"@type\":\"ListItem\",\"position\":1,\"name\":\"Home\",\"item\":\"https:\/\/sizofrenija.lv\/sabiedribai\/\"},{\"@type\":\"ListItem\",\"position\":2,\"name\":\"Schizophrenia\",\"item\":\"https:\/\/sizofrenija.lv\/sabiedribai\/izprast-sizofreniju\/\"},{\"@type\":\"ListItem\",\"position\":3,\"name\":\"Simptomi\"}]},{\"@type\":\"WebSite\",\"@id\":\"https:\/\/sizofrenija.lv\/sabiedribai\/#website\",\"url\":\"https:\/\/sizofrenija.lv\/sabiedribai\/\",\"name\":\"sizofrenija.lv\/sabiedribai\",\"description\":\"\",\"potentialAction\":[{\"@type\":\"SearchAction\",\"target\":{\"@type\":\"EntryPoint\",\"urlTemplate\":\"https:\/\/sizofrenija.lv\/sabiedribai\/?s={search_term_string}\"},\"query-input\":\"required name=search_term_string\"}],\"inLanguage\":\"en-US\"}]}<\/script>\n<!-- \/ Yoast SEO plugin. -->","yoast_head_json":{"title":"Simptomi - sizofrenija.lv\/sabiedribai","robots":{"index":"index","follow":"follow","max-snippet":"max-snippet:-1","max-image-preview":"max-image-preview:large","max-video-preview":"max-video-preview:-1"},"canonical":"https:\/\/sizofrenija.lv\/sabiedribai\/izprast-sizofreniju\/simptomi\/","og_locale":"en_US","og_type":"article","og_title":"Simptomi - sizofrenija.lv\/sabiedribai","og_url":"https:\/\/sizofrenija.lv\/sabiedribai\/izprast-sizofreniju\/simptomi\/","og_site_name":"sizofrenija.lv\/sabiedribai","article_modified_time":"2025-12-19T10:52:30+00:00","og_image":[{"width":299,"height":248,"url":"https:\/\/sizofrenija.lv\/sabiedribai\/wp-content\/uploads\/2020\/01\/symptoms.png","type":"image\/png"}],"twitter_card":"summary_large_image","twitter_misc":{"Est. reading time":"5 minutes"},"schema":{"@context":"https:\/\/schema.org","@graph":[{"@type":"WebPage","@id":"https:\/\/sizofrenija.lv\/sabiedribai\/izprast-sizofreniju\/simptomi\/","url":"https:\/\/sizofrenija.lv\/sabiedribai\/izprast-sizofreniju\/simptomi\/","name":"Simptomi - sizofrenija.lv\/sabiedribai","isPartOf":{"@id":"https:\/\/sizofrenija.lv\/sabiedribai\/#website"},"datePublished":"2020-01-14T12:54:18+00:00","dateModified":"2025-12-19T10:52:30+00:00","breadcrumb":{"@id":"https:\/\/sizofrenija.lv\/sabiedribai\/izprast-sizofreniju\/simptomi\/#breadcrumb"},"inLanguage":"en-US","potentialAction":[{"@type":"ReadAction","target":["https:\/\/sizofrenija.lv\/sabiedribai\/izprast-sizofreniju\/simptomi\/"]}]},{"@type":"BreadcrumbList","@id":"https:\/\/sizofrenija.lv\/sabiedribai\/izprast-sizofreniju\/simptomi\/#breadcrumb","itemListElement":[{"@type":"ListItem","position":1,"name":"Home","item":"https:\/\/sizofrenija.lv\/sabiedribai\/"},{"@type":"ListItem","position":2,"name":"Schizophrenia","item":"https:\/\/sizofrenija.lv\/sabiedribai\/izprast-sizofreniju\/"},{"@type":"ListItem","position":3,"name":"Simptomi"}]},{"@type":"WebSite","@id":"https:\/\/sizofrenija.lv\/sabiedribai\/#website","url":"https:\/\/sizofrenija.lv\/sabiedribai\/","name":"sizofrenija.lv\/sabiedribai","description":"","potentialAction":[{"@type":"SearchAction","target":{"@type":"EntryPoint","urlTemplate":"https:\/\/sizofrenija.lv\/sabiedribai\/?s={search_term_string}"},"query-input":"required name=search_term_string"}],"inLanguage":"en-US"}]}},"_links":{"self":[{"href":"https:\/\/sizofrenija.lv\/sabiedribai\/wp-json\/wp\/v2\/pages\/2221","targetHints":{"allow":["GET"]}}],"collection":[{"href":"https:\/\/sizofrenija.lv\/sabiedribai\/wp-json\/wp\/v2\/pages"}],"about":[{"href":"https:\/\/sizofrenija.lv\/sabiedribai\/wp-json\/wp\/v2\/types\/page"}],"author":[{"embeddable":true,"href":"https:\/\/sizofrenija.lv\/sabiedribai\/wp-json\/wp\/v2\/users\/1"}],"replies":[{"embeddable":true,"href":"https:\/\/sizofrenija.lv\/sabiedribai\/wp-json\/wp\/v2\/comments?post=2221"}],"version-history":[{"count":45,"href":"https:\/\/sizofrenija.lv\/sabiedribai\/wp-json\/wp\/v2\/pages\/2221\/revisions"}],"predecessor-version":[{"id":5335,"href":"https:\/\/sizofrenija.lv\/sabiedribai\/wp-json\/wp\/v2\/pages\/2221\/revisions\/5335"}],"up":[{"embeddable":true,"href":"https:\/\/sizofrenija.lv\/sabiedribai\/wp-json\/wp\/v2\/pages\/45"}],"wp:featuredmedia":[{"embeddable":true,"href":"https:\/\/sizofrenija.lv\/sabiedribai\/wp-json\/wp\/v2\/media\/2376"}],"wp:attachment":[{"href":"https:\/\/sizofrenija.lv\/sabiedribai\/wp-json\/wp\/v2\/media?parent=2221"}],"curies":[{"name":"wp","href":"https:\/\/api.w.org\/{rel}","templated":true}]}}