{"id":2257,"date":"2020-01-14T14:23:45","date_gmt":"2020-01-14T14:23:45","guid":{"rendered":"https:\/\/sizofrenija.lv\/sabiedribai\/?page_id=2257"},"modified":"2025-12-19T11:52:30","modified_gmt":"2025-12-19T10:52:30","slug":"miti-un-patiesiba","status":"publish","type":"page","link":"https:\/\/sizofrenija.lv\/sabiedribai\/miti-un-patiesiba\/","title":{"rendered":"M\u012bti un paties\u012bba"},"content":{"rendered":"\n<div class=\"wp-block-rea-inpage-nav-rea-inpage-nav-block rea-inpage-nav-block front has-margin\"><div class=\"rea-inpage-nav-block__image\" style=\"background-image: url(https:\/\/sizofrenija.lv\/sabiedribai\/wp-content\/uploads\/2019\/03\/wooden.png)\"><img decoding=\"async\" class=\"inpage-nav-background\" alt=\"\" src=\"https:\/\/sizofrenija.lv\/sabiedribai\/wp-content\/uploads\/2019\/03\/wooden.png\"><\/div><div class=\"rea-inpage-nav-block__content\"><div class=\"rea-inpage-nav-block__content--wrapper\"><div class=\"text-wrapper\"><h2 class=\"inpage-nav-title\">M\u012bti un paties\u012bba<\/h2><ul class=\"inpage-nav-list\"><li>Iesp\u0113jams, ka Jums jau ir priek\u0161stats par \u0161izofr\u0113niju, ta\u010du vai J\u016bs zin\u0101t, k\u0101 at\u0161\u0137irt m\u012btus no paties\u012bbas?<\/li><li>Iepaz\u012bstiet izplat\u012bt\u0101kos m\u012btus par \u0161izofr\u0113niju, un kur sl\u0113pjas paties\u012bba!<\/li><\/ul><\/div><div class=\"section-nav\"><h4 class=\"section-nav--title\">In this section<\/h4><div class=\"section-nav--nav-items js-inpage-nav-items\"><\/div><\/div><\/div><\/div><\/div>\n\n\n\n<div class=\"wp-block-rea-paragraph-rea-paragraph-block rea-paragraph-block front\"><div class=\"rea-paragraph-block__content\"><p class=\"content-text\"><\/p><\/div><\/div>\n\n\n\n<div class=\"wp-block-rea-title-rea-title-block rea-title-block front\"><div class=\"rea-title-block__content\"><h3 id=\"\" class=\"content-title rea-hidden\"><\/h3><h4 class=\"content-subtitle \">M\u012aTS: \u0160izofr\u0113nija ir reti sastopama slim\u012bba<\/h4><\/div><\/div>\n\n\n\n<div class=\"wp-block-rea-paragraph-rea-paragraph-block rea-paragraph-block front\"><div class=\"rea-paragraph-block__content\"><p class=\"content-text\"><strong>PATIES\u012aBA<\/strong>: \u0160izofr\u0113nija dz\u012bves laik\u0101 skar aptuveni 1 no 100 cilv\u0113kiem, un to noteikti nevar uzskat\u012bt par retu saslim\u0161anu!<sup>1<\/sup> Parasti t\u0101 s\u0101kas jaun\u012bb\u0101, tas ir &#8211; vecum\u0101 no 15 l\u012bdz 30 gadiem.<sup>2<\/sup> \u0160izofr\u0113nija var skart ikvienu \u2013 visticam\u0101k, ka satiksiet k\u0101du, kur\u0161 dz\u012bvo ar \u0161izofr\u0113niju, un J\u016bs to pat nenojaut\u012bsiet.<\/p><\/div><\/div>\n\n\n\n<div class=\"wp-block-rea-cta-rea-cta-block rea-cta-block front\"><div class=\"rea-cta-block__content\"><h4 class=\"cta-title\"><\/h4><p class=\"cta-text\"><\/p><a class=\"button__primary button-text\" href=\"\/sabiedribai\/izprast-sizofreniju\/parskats-par-sizofreniju\">Uzziniet vair\u0101k par \u0161izofr\u0113niju<\/a><\/div><\/div>\n\n\n\n<div class=\"wp-block-rea-title-rea-title-block rea-title-block front\"><div class=\"rea-title-block__content\"><h3 id=\"\" class=\"content-title rea-hidden\"><\/h3><h4 class=\"content-subtitle \">M\u012aTS: \u0160izofr\u0113nija ir p\u0101rmantota<\/h4><\/div><\/div>\n\n\n\n<div class=\"wp-block-rea-paragraph-rea-paragraph-block rea-paragraph-block front\"><div class=\"rea-paragraph-block__content\"><p class=\"content-text\"><strong>PATIES\u012aBA<\/strong>: Ir veikti vair\u0101ki p\u0113t\u012bjumi par \u0161izofr\u0113nijas \u0123en\u0113tiskiem c\u0113lo\u0146iem, un zin\u0101tnieki ir vienoju\u0161ies, ka g\u0113ni tikai da\u013c\u0113ji izskaidro \u0161izofr\u0113nijas izcelsmi. Taisn\u012bba, ka, piem\u0113ram, p\u0113t\u012bjumos ar dv\u012b\u0146iem ir pier\u0101d\u012bts, ka atsevi\u0161\u0137i g\u0113ni palielina \u0161izofr\u0113nijas att\u012bst\u012bbas risku.<sup>1<\/sup> Identisko dv\u012b\u0146u organismos ir piln\u012bgi vien\u0101di g\u0113ni, un p\u0113t\u012bjumos pier\u0101d\u012bts, ka, ja identiskais dv\u012bnis slimo ar \u0161izofr\u0113niju, tad otram dv\u012bnim ir 50% varb\u016bt\u012bba, ka ar\u012b vi\u0146am att\u012bst\u012bsies \u0161izofr\u0113nija.<sup>1<\/sup> Daudzu cilv\u0113ku ar \u0161izofr\u0113niju radiem nav sastopama \u0161\u012b slim\u012bba, ta\u010du m\u0113dz b\u016bt ar\u012b pret\u0113ji.<sup>2<\/sup> P\u0113t\u012bjumos atkl\u0101ts, ka t\u0101di biolo\u0123iskie faktori k\u0101 t\u0113va vecums un t\u0101di vides faktori k\u0101 spriedzi izraiso\u0161i p\u0101rdz\u012bvojumi dz\u012bves laik\u0101, var b\u016bt tikpat noz\u012bm\u012bgi \u0161izofr\u0113nijas att\u012bst\u012bb\u0101 k\u0101 g\u0113ni!<sup>3<\/sup><\/p><\/div><\/div>\n\n\n\n<div class=\"wp-block-rea-cta-rea-cta-block rea-cta-block front\"><div class=\"rea-cta-block__content\"><h4 class=\"cta-title\"><\/h4><p class=\"cta-text\"><\/p><a class=\"button__primary button-text\" href=\"\/sabiedribai\/izprast-sizofreniju\/parskats-par-sizofreniju\">Uzziniet vair\u0101k par \u0161izofr\u0113nijas c\u0113lo\u0146iem<\/a><\/div><\/div>\n\n\n\n<div class=\"wp-block-rea-title-rea-title-block rea-title-block front\"><div class=\"rea-title-block__content\"><h3 id=\"\" class=\"content-title rea-hidden\"><\/h3><h4 class=\"content-subtitle \">M\u012aTS: Cilv\u0113kiem ar \u0161izofr\u0113niju ir vien\u0101di simptomi<\/h4><\/div><\/div>\n\n\n\n<div class=\"wp-block-rea-paragraph-rea-paragraph-block rea-paragraph-block front\"><div class=\"rea-paragraph-block__content\"><p class=\"content-text\"><strong>PATIES\u012aBA<\/strong>: \u0160izofr\u0113nija ir sare\u017e\u0123\u012bta slim\u012bba ar daudziem da\u017e\u0101diem simptomiem. Katram pacientam ar \u0161izofr\u0113niju slim\u012bbas norise ir unik\u0101la, un simptomu kombin\u0101cijas at\u0161\u0137iras.<sup>4<\/sup> \u0160izofr\u0113nijai ir main\u012bgs raksturs. K\u0101dam \u0161izofr\u0113nija izpaud\u012bsies p\u0113k\u0161\u0146i un t\u0101s norises raksturs piln\u012bb\u0101 at\u0161\u0137irsies no t\u0101da pacienta ar \u0161izofr\u0113niju slim\u012bbas norises, kuram slim\u012bba izpaud\u012bsies ilgsto\u0161\u0101 laika period\u0101. Atcerieties, ka ne visi pacienti ar \u0161izofr\u0113niju piedz\u012bvos vienus un tos pa\u0161us simptomus. T\u0101d\u0113\u013c, ja Jums pa\u0161am vai k\u0101dam, kuru J\u016bs paz\u012bstat, ir nov\u0113rojamas \u0161izofr\u0113nijai rakstur\u012bgu simptomu kombin\u0101cijas, mekl\u0113jiet speci\u0101lista pal\u012bdz\u012bbu!<\/p><\/div><\/div>\n\n\n\n<div class=\"wp-block-rea-cta-rea-cta-block rea-cta-block front\"><div class=\"rea-cta-block__content\"><h4 class=\"cta-title\"><\/h4><p class=\"cta-text\"><\/p><a class=\"button__primary button-text\" href=\"\/sabiedribai\/izprast-sizofreniju\/simptomi\/\">\u0160izofr\u0113nijas simptomi<\/a><\/div><\/div>\n\n\n\n<div class=\"wp-block-rea-title-rea-title-block rea-title-block front\"><div class=\"rea-title-block__content\"><h3 id=\"\" class=\"content-title rea-hidden\"><\/h3><h4 class=\"content-subtitle \">M\u012aTS: \u0160izofr\u0113nija ir tas pats kas \u201cperson\u012bbas dal\u012b\u0161an\u0101s\u201d<\/h4><\/div><\/div>\n\n\n\n<div class=\"wp-block-rea-paragraph-rea-paragraph-block rea-paragraph-block front\"><div class=\"rea-paragraph-block__content\"><p class=\"content-text\"><strong>PATIES\u012aBA<\/strong>: Burtisk\u0101 tulkojum\u0101 no grie\u0137u valodas \u0161izofr\u0113nija noz\u012bm\u0113 \u201csa\u0161\u0137elts pr\u0101ts\u201d, ta\u010du t\u0101 to \u012bsti nevajadz\u0113tu lietot, lai ko ar\u012b redz\u0113tu film\u0101s vai kas tiktu pausts popkult\u016br\u0101! Paties\u012bb\u0101 \u201csa\u0161\u0137elts pr\u0101ts\u201d attiecas uz specifisku uztveres trauc\u0113jumu simptomu, kad pacientiem ar \u0161izofr\u0113niju var b\u016bt saj\u016bta, ka vi\u0146i \u201cat\u0161\u0137e\u013cas\u201d no realit\u0101tes. Savuk\u0101rt, pacientiem ar \u201cperson\u012bbas dal\u012b\u0161anos\u201d ir nosak\u0101ma pavisam cita diagnoze, ko d\u0113v\u0113 par <em>disociat\u012bviem identit\u0101tes trauc\u0113jumiem<\/em>, kurus bie\u017ei jauc ar \u0161izofr\u0113niju.<sup>5<\/sup> Uzziniet vair\u0101k par at\u0161\u0137ir\u012bb\u0101m!<\/p><\/div><\/div>\n\n\n\n<div class=\"wp-block-rea-cta-rea-cta-block rea-cta-block front\"><div class=\"rea-cta-block__content\"><h4 class=\"cta-title\"><\/h4><p class=\"cta-text\"><\/p><a class=\"button__primary button-text\" href=\"\/sabiedribai\/izprast-sizofreniju\/slimibas-kliniska-gaita\">\u0160izofr\u0113nijas kl\u012bnisk\u0101 norise<\/a><\/div><\/div>\n\n\n\n<div class=\"wp-block-rea-title-rea-title-block rea-title-block front\"><div class=\"rea-title-block__content\"><h3 id=\"\" class=\"content-title rea-hidden\"><\/h3><h4 class=\"content-subtitle \">M\u012aTS: Cilv\u0113kiem ar \u0161izofr\u0113niju parasti ir halucin\u0101cijas, k\u0101 to r\u0101da kino!<\/h4><\/div><\/div>\n\n\n\n<div class=\"wp-block-rea-paragraph-rea-paragraph-block rea-paragraph-block front\"><div class=\"rea-paragraph-block__content\"><p class=\"content-text\"><strong>PATIES\u012aBA<\/strong>: Kino m\u0113dz atainot nenorm\u0101lu uzved\u012bbu, kas ir dramatiz\u0113ta un piesaista uzman\u012bbu. Ta\u010du tas ir stereotips. Halucin\u0101cijas ir \u0161izofr\u0113nijas pozit\u012bvie simptomi. Ta\u010du cilv\u0113kiem ar \u0161izofr\u0113niju ir ar\u012b negat\u012bvie simptomi, kas attiecas uz ikdienas funkcion\u0113\u0161anas sp\u0113ju zudumu. Negat\u012bvie simptomi ir daudz bie\u017e\u0101k sastopami, ta\u010du tie nav tik dramatiski k\u0101 izplat\u012btie stereotipi, kuriem Jums liek notic\u0113t pla\u0161sazi\u0146as l\u012bdzek\u013ci. K\u0101ds p\u0113t\u012bjums atkl\u0101jis, ka 41 kinofilm\u0101, kuras non\u0101ca pie skat\u012bt\u0101jiem laika posm\u0101 no 1990. l\u012bdz 2010. gadam 70% filmu varo\u0146iem ar \u0161izofr\u0113niju biju\u0161i d\u012bvaini murgi.<sup>6<\/sup> \u0160\u012b nepareiz\u0101 simptomu ataino\u0161ana un k\u013c\u016bdainie stereotipi tikai pastiprina dezinform\u0101ciju un negat\u012bvo attieksmi pret \u0161izofr\u0113niju. Ziniet, par ko paties\u012bb\u0101 ir runa, un izvairieties no \u0161\u012bm lamat\u0101m!<\/p><\/div><\/div>\n\n\n\n<div class=\"wp-block-rea-cta-rea-cta-block rea-cta-block front\"><div class=\"rea-cta-block__content\"><h4 class=\"cta-title\"><\/h4><p class=\"cta-text\"><\/p><a class=\"button__primary button-text\" href=\"\/sabiedribai\/izprast-sizofreniju\/simptomi\">\u0160izofr\u0113nijas simptomi<\/a><\/div><\/div>\n\n\n\n<div class=\"wp-block-rea-title-rea-title-block rea-title-block front\"><div class=\"rea-title-block__content\"><h3 id=\"\" class=\"content-title rea-hidden\"><\/h3><h4 class=\"content-subtitle \">M\u012aTI: Cilv\u0113ki ar \u0161izofr\u0113niju var b\u016bt b\u012bstami un vi\u0146us ir j\u0101izol\u0113<\/h4><\/div><\/div>\n\n\n\n<div class=\"wp-block-rea-paragraph-rea-paragraph-block rea-paragraph-block front\"><div class=\"rea-paragraph-block__content\"><p class=\"content-text\"><strong>PATIES\u012aBA<\/strong>: T\u0101 var b\u016bt taisn\u012bba, ka atsevi\u0161\u0137iem pacientiem ar \u0161izofr\u0113niju var b\u016bt vardarb\u012bga uzved\u012bba, ta\u010du vardarb\u012bgi var b\u016bt ar\u012b cilv\u0113ki, kuri lieto atkar\u012bbu izraiso\u0161as vielas.<sup>7<\/sup> Vardarb\u012bgu uzved\u012bbu un citus \u0161izofr\u0113nijai rakstur\u012bgus simptomus var veiksm\u012bgi mazin\u0101t, pielietojot pareizu terapiju un atbalsta pas\u0101kumu kopumu. Tas noz\u012bm\u0113, ka parasti nav nepiecie\u0161ama izol\u0113\u0161ana \u0101rstniec\u012bbas iest\u0101d\u0113, un pacienti ar \u0161izofr\u0113niju bie\u017ei bez gr\u016bt\u012bb\u0101m iek\u013caujas sabiedr\u012bb\u0101.<\/p><\/div><\/div>\n\n\n\n<div class=\"wp-block-rea-cta-rea-cta-block rea-cta-block front\"><div class=\"rea-cta-block__content\"><h4 class=\"cta-title\"><\/h4><p class=\"cta-text\"><\/p><a class=\"button__primary button-text\" href=\"\/sabiedribai\/diagnostika-and-treatment\/diagnostika\">Diagnostic\u0113t \u0161izofr\u0113niju<\/a><\/div><\/div>\n\n\n\n<div class=\"wp-block-rea-title-rea-title-block rea-title-block front\"><div class=\"rea-title-block__content\"><h3 id=\"\" class=\"content-title rea-hidden\"><\/h3><h4 class=\"content-subtitle \">M\u012aTS: \u0160izofr\u0113nijas z\u0101les slikti iedarbojas<\/h4><\/div><\/div>\n\n\n\n<div class=\"wp-block-rea-paragraph-rea-paragraph-block rea-paragraph-block front\"><div class=\"rea-paragraph-block__content\"><p class=\"content-text\"><strong>PATIES\u012aBA<\/strong>: Vairums pacientu ar \u0161izofr\u0113niju lieto antipsihotiskos medikamentus simptomu mazin\u0101\u0161anai, k\u0101 ar\u012b sa\u0146em psiholo\u0123isku \u0101rst\u0113\u0161anu vai psihoterapiju.<sup>8<\/sup> \u0100rst\u0113\u0161anas meto\u017eu kombin\u0101cija ir iedarb\u012bg\u0101ka nek\u0101 tikai vienas \u0101rst\u0113\u0161anas metodes izmanto\u0161ana. Tikpat liela noz\u012bme ir ar\u012b \u0101rst\u0113\u0161anas nep\u0101rtraukt\u012bbai.<sup>8<\/sup> Lai ar\u012b \u0161izofr\u0113niju uzskata par hronisku psihisku saslim\u0161anu ar \u013coti main\u012bgiem simptomiem, ar atbilsto\u0161u un laic\u012bgu \u0101rst\u0113\u0161anu un atbalstu vairumam pacientu ar \u0161izofr\u0113niju iesp\u0113jams nodro\u0161in\u0101t ilgu, stabilu un pilnv\u0113rt\u012bgu m\u016b\u017eu.<\/p><\/div><\/div>\n\n\n\n<div class=\"wp-block-rea-cta-rea-cta-block rea-cta-block front\"><div class=\"rea-cta-block__content\"><h4 class=\"cta-title\"><\/h4><p class=\"cta-text\"><\/p><a class=\"button__primary button-text\" href=\"\/sabiedribai\/padoms-un-atbalsts\/palidziba\">K\u0101 es varu pal\u012bdz\u0113t?<\/a><\/div><\/div>\n\n\n\n<div class=\"wp-block-rea-references-rea-references-block rea-references-block front\"><div class=\"rea-references-block__references\"><p class=\"references-title\">Atsauces<\/p><ol class=\"references-list\"><li>Royal College of Psychiatrists, Schizophrenia, 2019. <a href=\"https:\/\/www.rcpsych.ac.uk\/mental-health\/problems-disorders\/schizophrenia\">https:\/\/www.rcpsych.ac.uk\/mental-health\/problems-disorders\/schizophrenia<\/a> [Accessed July 2019]<\/li><li>National Institute of Mental Health, Schizophrenia, 2019. <a href=\"https:\/\/www.nimh.nih.gov\/health\/topics\/schizophrenia\/index.shtml\">https:\/\/www.nimh.nih.gov\/health\/topics\/schizophrenia\/index.shtml<\/a> [Accessed July 2019]<\/li><li>Brown AS. The environment and susceptibility to schizophrenia. Prog Neurobiol. 2011;93(1):23-58.<\/li><li>Mind, Schizophrenia, 2017. <a href=\"https:\/\/www.mind.org.uk\/information-support\/types-of-mental-health-problems\/schizophrenia\/#.XTgrjOhKhhE\">https:\/\/www.mind.org.uk\/information-support\/types-of-mental-health-problems\/schizophrenia\/#.XTgrjOhKhhE<\/a> [Accessed July 2019]<\/li><li>Canadian Mental Health Association, What\u2019s the difference between dissociative identity disorder (multiple personality disorder) and schizophrenia? 2015. <a href=\"https:\/\/www.heretohelp.bc.ca\/q-and-a\/whats-the-difference-between-dissociative-identity-disorder-and-schizophrenia\">https:\/\/www.heretohelp.bc.ca\/q-and-a\/whats-the-difference-between-dissociative-identity-disorder-and-schizophrenia<\/a> [Accessed July 2019]<\/li><li>Owen PR. Portrayals of schizophrenia by entertainment media: a content analysis of contemporary movies. Psychiatr Serv. 2012;63(7):655-9<\/li><li>Walsh E, Buchanan A, Fahy T. Violence and schizophrenia: examining the evidence. Br J Psychiatry. 2002;180:490-5<\/li><li>NICE, Psychosis and schizophrenia in adults: prevention and management, Clinical Guidance CG178, 2014. <a href=\"https:\/\/www.nice.org.uk\/guidance\/cg178\/chapter\/1-Recommendations#first-episode-psychosis-2\">https:\/\/www.nice.org.uk\/guidance\/cg178\/chapter\/1-Recommendations#first-episode-psychosis-2<\/a> [Accessed July 2019]<\/li><\/ol><\/div><\/div>\n\n\n\n\n","protected":false},"excerpt":{"rendered":"","protected":false},"author":1,"featured_media":2379,"parent":0,"menu_order":0,"comment_status":"closed","ping_status":"closed","template":"page-fullwidth.php","meta":{"_acf_changed":false,"rea_page_title_signed_in_meta_block_field":"M\u012bti un paties\u012bba par \u0161izofr\u0113niju","rea_page_title_signed_out_meta_block_field":"M\u012bti un paties\u012bba par \u0161izofr\u0113niju","rea_page_description_signed_in_meta_block_field":"Iesp\u0113jams, ka Jums jau ir savs priek\u0161stats par \u0161izofr\u0113niju, ta\u010du vai J\u016bs zin\u0101t, k\u0101 at\u0161\u0137irt m\u012btus no paties\u012bbas? Iepaz\u012bstiet izplat\u012bt\u0101kos m\u012btus par \u0161izofr\u0113niju, un noskaidrojiet, kur sl\u0113pjas paties\u012bba","rea_page_description_signed_out_meta_block_field":"Iesp\u0113jams, ka Jums jau ir savs priek\u0161stats par \u0161izofr\u0113niju, ta\u010du vai J\u016bs zin\u0101t, k\u0101 at\u0161\u0137irt m\u012btus no paties\u012bbas? Iepaz\u012bstiet izplat\u012bt\u0101kos m\u012btus par \u0161izofr\u0113niju, un noskaidrojiet, kur sl\u0113pjas paties\u012bba","rea_page_footer_id_meta_block_field":"","rea_page_footer_date_meta_block_field":"","footnotes":""},"class_list":["post-2257","page","type-page","status-publish","has-post-thumbnail","hentry"],"acf":[],"yoast_head":"<!-- This site is optimized with the Yoast SEO plugin v20.8 - https:\/\/yoast.com\/wordpress\/plugins\/seo\/ -->\n<title>M\u012bti un paties\u012bba - sizofrenija.lv\/sabiedribai<\/title>\n<meta name=\"robots\" content=\"index, follow, max-snippet:-1, max-image-preview:large, max-video-preview:-1\" \/>\n<link rel=\"canonical\" href=\"https:\/\/sizofrenija.lv\/sabiedribai\/miti-un-patiesiba\/\" \/>\n<meta property=\"og:locale\" content=\"en_US\" \/>\n<meta property=\"og:type\" content=\"article\" \/>\n<meta property=\"og:title\" content=\"M\u012bti un paties\u012bba - sizofrenija.lv\/sabiedribai\" \/>\n<meta property=\"og:url\" content=\"https:\/\/sizofrenija.lv\/sabiedribai\/miti-un-patiesiba\/\" \/>\n<meta property=\"og:site_name\" content=\"sizofrenija.lv\/sabiedribai\" \/>\n<meta property=\"article:modified_time\" content=\"2025-12-19T10:52:30+00:00\" \/>\n<meta property=\"og:image\" content=\"https:\/\/sizofrenija.lv\/sabiedribai\/wp-content\/uploads\/2020\/01\/qna.png\" \/>\n\t<meta property=\"og:image:width\" content=\"305\" \/>\n\t<meta property=\"og:image:height\" content=\"190\" \/>\n\t<meta property=\"og:image:type\" content=\"image\/png\" \/>\n<meta name=\"twitter:card\" content=\"summary_large_image\" \/>\n<meta name=\"twitter:label1\" content=\"Est. reading time\" \/>\n\t<meta name=\"twitter:data1\" content=\"5 minutes\" \/>\n<script type=\"application\/ld+json\" class=\"yoast-schema-graph\">{\"@context\":\"https:\/\/schema.org\",\"@graph\":[{\"@type\":\"WebPage\",\"@id\":\"https:\/\/sizofrenija.lv\/sabiedribai\/miti-un-patiesiba\/\",\"url\":\"https:\/\/sizofrenija.lv\/sabiedribai\/miti-un-patiesiba\/\",\"name\":\"M\u012bti un paties\u012bba - sizofrenija.lv\/sabiedribai\",\"isPartOf\":{\"@id\":\"https:\/\/sizofrenija.lv\/sabiedribai\/#website\"},\"datePublished\":\"2020-01-14T14:23:45+00:00\",\"dateModified\":\"2025-12-19T10:52:30+00:00\",\"breadcrumb\":{\"@id\":\"https:\/\/sizofrenija.lv\/sabiedribai\/miti-un-patiesiba\/#breadcrumb\"},\"inLanguage\":\"en-US\",\"potentialAction\":[{\"@type\":\"ReadAction\",\"target\":[\"https:\/\/sizofrenija.lv\/sabiedribai\/miti-un-patiesiba\/\"]}]},{\"@type\":\"BreadcrumbList\",\"@id\":\"https:\/\/sizofrenija.lv\/sabiedribai\/miti-un-patiesiba\/#breadcrumb\",\"itemListElement\":[{\"@type\":\"ListItem\",\"position\":1,\"name\":\"Home\",\"item\":\"https:\/\/sizofrenija.lv\/sabiedribai\/\"},{\"@type\":\"ListItem\",\"position\":2,\"name\":\"M\u012bti un paties\u012bba\"}]},{\"@type\":\"WebSite\",\"@id\":\"https:\/\/sizofrenija.lv\/sabiedribai\/#website\",\"url\":\"https:\/\/sizofrenija.lv\/sabiedribai\/\",\"name\":\"sizofrenija.lv\/sabiedribai\",\"description\":\"\",\"potentialAction\":[{\"@type\":\"SearchAction\",\"target\":{\"@type\":\"EntryPoint\",\"urlTemplate\":\"https:\/\/sizofrenija.lv\/sabiedribai\/?s={search_term_string}\"},\"query-input\":\"required name=search_term_string\"}],\"inLanguage\":\"en-US\"}]}<\/script>\n<!-- \/ Yoast SEO plugin. -->","yoast_head_json":{"title":"M\u012bti un paties\u012bba - sizofrenija.lv\/sabiedribai","robots":{"index":"index","follow":"follow","max-snippet":"max-snippet:-1","max-image-preview":"max-image-preview:large","max-video-preview":"max-video-preview:-1"},"canonical":"https:\/\/sizofrenija.lv\/sabiedribai\/miti-un-patiesiba\/","og_locale":"en_US","og_type":"article","og_title":"M\u012bti un paties\u012bba - sizofrenija.lv\/sabiedribai","og_url":"https:\/\/sizofrenija.lv\/sabiedribai\/miti-un-patiesiba\/","og_site_name":"sizofrenija.lv\/sabiedribai","article_modified_time":"2025-12-19T10:52:30+00:00","og_image":[{"width":305,"height":190,"url":"https:\/\/sizofrenija.lv\/sabiedribai\/wp-content\/uploads\/2020\/01\/qna.png","type":"image\/png"}],"twitter_card":"summary_large_image","twitter_misc":{"Est. reading time":"5 minutes"},"schema":{"@context":"https:\/\/schema.org","@graph":[{"@type":"WebPage","@id":"https:\/\/sizofrenija.lv\/sabiedribai\/miti-un-patiesiba\/","url":"https:\/\/sizofrenija.lv\/sabiedribai\/miti-un-patiesiba\/","name":"M\u012bti un paties\u012bba - sizofrenija.lv\/sabiedribai","isPartOf":{"@id":"https:\/\/sizofrenija.lv\/sabiedribai\/#website"},"datePublished":"2020-01-14T14:23:45+00:00","dateModified":"2025-12-19T10:52:30+00:00","breadcrumb":{"@id":"https:\/\/sizofrenija.lv\/sabiedribai\/miti-un-patiesiba\/#breadcrumb"},"inLanguage":"en-US","potentialAction":[{"@type":"ReadAction","target":["https:\/\/sizofrenija.lv\/sabiedribai\/miti-un-patiesiba\/"]}]},{"@type":"BreadcrumbList","@id":"https:\/\/sizofrenija.lv\/sabiedribai\/miti-un-patiesiba\/#breadcrumb","itemListElement":[{"@type":"ListItem","position":1,"name":"Home","item":"https:\/\/sizofrenija.lv\/sabiedribai\/"},{"@type":"ListItem","position":2,"name":"M\u012bti un paties\u012bba"}]},{"@type":"WebSite","@id":"https:\/\/sizofrenija.lv\/sabiedribai\/#website","url":"https:\/\/sizofrenija.lv\/sabiedribai\/","name":"sizofrenija.lv\/sabiedribai","description":"","potentialAction":[{"@type":"SearchAction","target":{"@type":"EntryPoint","urlTemplate":"https:\/\/sizofrenija.lv\/sabiedribai\/?s={search_term_string}"},"query-input":"required name=search_term_string"}],"inLanguage":"en-US"}]}},"_links":{"self":[{"href":"https:\/\/sizofrenija.lv\/sabiedribai\/wp-json\/wp\/v2\/pages\/2257","targetHints":{"allow":["GET"]}}],"collection":[{"href":"https:\/\/sizofrenija.lv\/sabiedribai\/wp-json\/wp\/v2\/pages"}],"about":[{"href":"https:\/\/sizofrenija.lv\/sabiedribai\/wp-json\/wp\/v2\/types\/page"}],"author":[{"embeddable":true,"href":"https:\/\/sizofrenija.lv\/sabiedribai\/wp-json\/wp\/v2\/users\/1"}],"replies":[{"embeddable":true,"href":"https:\/\/sizofrenija.lv\/sabiedribai\/wp-json\/wp\/v2\/comments?post=2257"}],"version-history":[{"count":27,"href":"https:\/\/sizofrenija.lv\/sabiedribai\/wp-json\/wp\/v2\/pages\/2257\/revisions"}],"predecessor-version":[{"id":5330,"href":"https:\/\/sizofrenija.lv\/sabiedribai\/wp-json\/wp\/v2\/pages\/2257\/revisions\/5330"}],"wp:featuredmedia":[{"embeddable":true,"href":"https:\/\/sizofrenija.lv\/sabiedribai\/wp-json\/wp\/v2\/media\/2379"}],"wp:attachment":[{"href":"https:\/\/sizofrenija.lv\/sabiedribai\/wp-json\/wp\/v2\/media?parent=2257"}],"curies":[{"name":"wp","href":"https:\/\/api.w.org\/{rel}","templated":true}]}}