{"id":2332,"date":"2020-01-14T14:49:55","date_gmt":"2020-01-14T14:49:55","guid":{"rendered":"https:\/\/sizofrenija.lv\/sabiedribai\/?page_id=2332"},"modified":"2025-12-19T11:52:30","modified_gmt":"2025-12-19T10:52:30","slug":"personiga-dzive","status":"publish","type":"page","link":"https:\/\/sizofrenija.lv\/sabiedribai\/dzive-ar-sizofreniju\/personiga-dzive\/","title":{"rendered":"K\u0101 \u0161izofr\u0113nija ietekm\u0113 J\u016bsu dz\u012bvi?"},"content":{"rendered":"\n<div class=\"wp-block-rea-hero-banner-rea-hero-banner-block rea-hero-banner-block front  no-btn\"><div class=\"rea-hero-banner-block__image\" style=\"background-image: url(https:\/\/sizofrenija.lv\/sabiedribai\/wp-content\/uploads\/2019\/03\/wooden.png)\"><img decoding=\"async\" class=\"hero-banner-background\" alt=\"\" src=\"https:\/\/sizofrenija.lv\/sabiedribai\/wp-content\/uploads\/2019\/03\/wooden.png\"><\/div><div class=\"rea-hero-banner-block__content\"><div class=\"rea-hero-banner-block__content--wrapper\"><div class=\"text-wrapper\"><h1 class=\"hero-banner-title\">K\u0101 \u0161izofr\u0113nija ietekm\u0113 J\u016bsu dz\u012bvi?<\/h1><p class=\"hero-banner-text\">Veltiet laiku Jums tuviem un m\u012b\u013ciem cilv\u0113kiem, kuri piedz\u012bvo \u0161izofr\u0113niju, un saskarsm\u0113 koncentr\u0113jieties uz maziem, bet re\u0101liem so\u013ciem. Izsakieties un run\u0101jiet vienk\u0101r\u0161i &#8211; pareizi piemekl\u0113ti v\u0101rdi ir \u013coti svar\u012bgi.<\/p><a class=\"button__primary button-text\" href=\"\"><\/a><p class=\"hero-banner-signed-out-text js-hide-dc-signed-in\"><\/p><\/div><div class=\"image-wrapper\"><img decoding=\"async\" class=\"hero-banner-image js-rea-parallax\" alt=\"\" src=\"https:\/\/sizofrenija.lv\/sabiedribai\/wp-content\/uploads\/2020\/04\/cropped.jpg\"><\/div><\/div><\/div><\/div>\n\n\n\n<div class=\"wp-block-rea-paragraph-rea-paragraph-block rea-paragraph-block front\"><div class=\"rea-paragraph-block__content\"><p class=\"content-text\">Katrs pacients ar \u0161izofr\u0113niju to piedz\u012bvo at\u0161\u0137ir\u012bgi. <a href=\"https:\/\/sizofrenija.lv\/sabiedribai\/izprast-sizofreniju\/simptomi\/\">Simptomu<\/a> izpausmes un smagums var at\u0161\u0137irties, tom\u0113r, visticam\u0101k, tie ietekm\u0113s pacienta, k\u0101 ar\u012b vi\u0146a \u0123imenes locek\u013cu un draugu person\u012bgo dz\u012bvi. Pacientiem, kuri slimo ar \u0161izofr\u0113niju, ne vienm\u0113r ir viegli uztur\u0113t cie\u0161as attiec\u012bbas. Ja k\u0101ds tuvs cilv\u0113ks slimo ar \u0161izofr\u0113niju, \u0161eit Jums ir pieejama inform\u0101cija, k\u0101 r\u012bkoties, lai vi\u0146am\/vi\u0146ai pal\u012bdz\u0113tu. Atcerieties, ka atbalsts ir \u013coti svar\u012bgs. Tas pal\u012bdz\u0113s pacientam ar \u0161izofr\u0113niju justies lab\u0101k. T\u0101l\u0101k uzziniet vair\u0101k par to, k\u0101 \u0161izofr\u0113nija var ietekm\u0113t person\u012bgo dz\u012bvi.<br><br><\/p><\/div><\/div>\n\n\n\n<div class=\"wp-block-rea-list-rea-list-block rea-list-block front\"><div class=\"rea-list-block__wrapper\"><div class=\"list-ordered list\"><p><strong>Gr\u016bt\u012bbas funkcion\u0113t<\/strong><br><br>Pacientiem ar \u0161izofr\u0113niju var b\u016bt \u013coti gr\u016bti izpaust savas emocijas un funkcion\u0113t ikdien\u0101.<sup>1<\/sup> Sejas m\u012bmika, runa un akt\u012bv\u0101s kust\u012bbas, visticam\u0101k, pav\u0101jin\u0101sies.<sup>2<\/sup> Satraukums, kuru rada halucin\u0101cijas un murgi, var izrais\u012bt lielu stresu, kas savuk\u0101rt ietekm\u0113 soci\u0101lo funkcion\u0113\u0161anu.<sup>2<\/sup><br>Cilv\u0113kus ar \u0161izofr\u0113niju var piemekl\u0113t ar\u012b t\u0101das saj\u016btas k\u0101 kauns vai vainas apzi\u0146a, kas var ietekm\u0113t attiec\u012bbas pat ar vistuv\u0101kajiem draugiem un \u0123imenes locek\u013ciem. Ja k\u0101ds Jums tuvs cilv\u0113ks slimo ar \u0161izofr\u0113niju, atcerieties, ka \u013coti svar\u012bgi ir sarun\u0101ties. K\u0101da sieviete, kuras br\u0101lis sirga ar \u0161izofr\u0113niju, reiz past\u0101st\u012bja, k\u0101 vi\u0146a pal\u012bdz\u0113jusi br\u0101lim justies lab\u0101k. Br\u012b\u017eos, kad vi\u0146\u0161 bijis satraukts, vi\u0146a vienm\u0113r sarun\u0101jusies ar vi\u0146u nomierino\u0161\u0101 bals\u012b un novirz\u012bjusi sarunas t\u0113mu uz parast\u0101m ikdienas nodarb\u0113m.<sup>3<\/sup> <\/p><p><strong>Soci\u0101l\u0101 atsve\u0161in\u0101\u0161an\u0101s<\/strong><br>\u0160izofr\u0113nijas simptomi var \u0161\u0137ist mulsino\u0161i un kaitino\u0161i tiem, kuriem l\u012bdz\u0101s ir k\u0101ds pacients ar \u0161izofr\u0113niju. T\u0101d\u0113\u013c daudzi pacienti ar \u0161izofr\u0113niju soci\u0101li atsve\u0161in\u0101s. Diem\u017e\u0113l \u0161\u012b <a href=\"https:\/\/sizofrenija.lv\/sabiedribai\/miti-un-patiesiba\/\">diagnoze ir \u013coti stigmatiz\u0113ta<\/a>, un tas var b\u016btiski ietekm\u0113t pacienta ar \u0161izofr\u0113niju iek\u013cau\u0161anos soci\u0101laj\u0101 dz\u012bv\u0113.<br>Redz\u0113t sev tuvu cilv\u0113ku saslimstam ar \u0161izofr\u0113niju var b\u016bt \u013coti smagi. Da\u017ek\u0101rt, iesp\u0113jams, J\u016bs jut\u012bsities dusm\u012bgs, kritiz\u0113jo\u0161s un \u012bpa\u0161i emocion\u0101ls. T\u0101 ir zin\u0101ma ar\u012b k\u0101 paaugstin\u0101ta emocionalit\u0101te.<sup>4<\/sup> Atcerieties, ka pacienti ar \u0161izofr\u0113niju ir \u013coti j\u016bt\u012bgi un saj\u016bt tuvinieku noska\u0146ojumu. Paaugstin\u0101ta emocionalit\u0101te var izrais\u012bt psihozes atk\u0101rto\u0161anos vai hospitaliz\u0101ciju.<sup>5<\/sup><br>Socializ\u0113ties noteikti ir nepiecie\u0161ams. K\u0101ds pacients, kur\u0161 slimo ar \u0161izofr\u0113niju, paskaidroja, ka socializ\u0113\u0161anos iek\u013c\u0101vis k\u0101 oblig\u0101tu ikdienas sast\u0101vda\u013cu pat tad, ja tas noz\u012bm\u0113ja tikai izie\u0161anu no m\u0101jas vai kafejn\u012bcas apmekl\u0113jumu. Ir pieejami tie\u0161saistes resursi, kas var pal\u012bdz\u0113t cilv\u0113kiem ar \u0161izofr\u0113niju sazin\u0101ties ar l\u012bdzcilv\u0113kiem, ar kuriem vi\u0146iem ir izveidojusies saikne.<sup>6<\/sup><br><\/p><p><strong>Motiv\u0101cijas tr\u016bkums<\/strong><br><a href=\"https:\/\/sizofrenija.lv\/sabiedribai\/izprast-sizofreniju\/simptomi\/\">Negat\u012bvie simptomi<\/a> daudziem pacientiem ar \u0161izofr\u0113niju var rad\u012bt intereses zudumu par person\u012bgajiem m\u0113r\u0137iem, darbu un m\u0101c\u012bb\u0101m. Iesp\u0113jams, ka pacientam ar \u0161izofr\u0113niju b\u016bs gr\u016bti koncentr\u0113ties k\u0101diem uzdevumiem un tr\u016bks ener\u0123ija vai motiv\u0101cija.<sup>1<\/sup> Vi\u0146iem var b\u016bt sare\u017e\u0123\u012bti pild\u012bt ierastus darba uzdevumus. Atkar\u012bb\u0101 no simptomu smaguma, var b\u016bt ar\u012b darba nesp\u0113ja.<br>Pacientiem ar \u0161izofr\u0113niju gr\u016bt\u012bbas str\u0101d\u0101t var izrais\u012bt mazv\u0113rt\u012bbas un nepiem\u0113rot\u012bbas saj\u016btas. T\u0101d\u0113\u013c ir \u013coti svar\u012bgi koncentr\u0113ties uz pozit\u012bvo. Cen\u0161aties izvirz\u012bt pacientam nelielus, re\u0101lus m\u0113r\u0137us un atrodiet darbu vai ar\u012b nodarbi, kas pacientam \u013cautu ar prieku pielietot savas prasmes.<br>K\u0101ds cilv\u0113ks, kur\u0161 slimo ar \u0161izofr\u0113niju, past\u0101st\u012bja, k\u0101 vi\u0146\u0161 veiksm\u012bgi sp\u0113jis veikt \u0101r\u0161tata darbu, jo konkr\u0113ti darbu nodo\u0161anas termi\u0146i vi\u0146u disciplin\u0113ju\u0161i, turkl\u0101t bijusi vieno\u0161an\u0101s ar darba dev\u0113ju, ka vi\u0146\u0161 var\u0113ja p\u0101rtraukt darbu jebkur\u0101 br\u012bd\u012b, ja sajut\u0101s slikti.<sup>6<\/sup><\/p><\/div><\/div><\/div>\n\n\n\n<div class=\"wp-block-rea-paragraph-rea-paragraph-block rea-paragraph-block front\"><div class=\"rea-paragraph-block__content\"><p class=\"content-text\">Ja k\u0101dam Jums tuvam cilv\u0113kam ir \u0161izofr\u0113nija vai J\u016bs pats\/pati dz\u012bvojat ar \u0161izofr\u0113niju, ir svar\u012bgi uzzin\u0101t par slim\u012bbu vair\u0101k. Lasiet uzticamus avotus un nodaliet <a href=\"https:\/\/sizofrenija.lv\/sabiedribai\/miti-un-patiesiba\/\">m\u012btus no paties\u012bbas<\/a>! Uzziniet vair\u0101k par <a href=\"https:\/\/sizofrenija.lv\/sabiedribai\/izprast-sizofreniju\/simptomi\/\">\u0161izofr\u0113nijas paz\u012bm\u0113m un simptomiem<\/a>, kuri j\u0101atpaz\u012bst, un uzziniet, <a href=\"https:\/\/sizofrenija.lv\/sabiedribai\/padoms-un-atbalsts\/palidziba\/\">k\u0101 varat pal\u012bdz\u0113t<\/a> pacientiem, kuri slimo ar \u0161izofr\u0113niju!<br><\/p><\/div><\/div>\n\n\n\n<div class=\"wp-block-rea-references-rea-references-block rea-references-block front\"><div class=\"rea-references-block__references\"><p class=\"references-title\">Atsauces<\/p><ol class=\"references-list\"><li>NHS, Symptoms, 2016. <a href=\"https:\/\/www.nhs.uk\/conditions\/schizophrenia\/symptoms\/\">https:\/\/www.nhs.uk\/conditions\/schizophrenia\/symptoms\/<\/a> [Accessed Jul 2019]<\/li><li>NIMH, Schizophrenia, 2016. <a href=\"https:\/\/www.nimh.nih.gov\/health\/topics\/schizophrenia\/index.shtml\">https:\/\/www.nimh.nih.gov\/health\/topics\/schizophrenia\/index.shtml<\/a> [Accessed Jul 2019]<\/li><li>Mind, Schizophrenia, my brother and me, 2017. <a href=\"https:\/\/www.mind.org.uk\/information-support\/your-stories\/schizophrenia-what-i-wish-someone-had-told-me\/#.XULLm-hKhzo\">https:\/\/www.mind.org.uk\/information-support\/your-stories\/schizophrenia-what-i-wish-someone-had-told-me\/#.XULLm-hKhzo<\/a> [Accessed Aug 2019]<\/li><li>Amaresha A, Venkatasubramanian G. Indian J Psychol Med. 2012;34(1):12\u201320<\/li><li>Mantovani LM, Ferretjans R, Mar\u00e7al IM et al. Trends Psychiatry Psychother. 2016;38(2):97-9<\/li><li>Mind, Schizophrenia: What I wish someone had told me, 2017. <a href=\"https:\/\/www.mind.org.uk\/information-support\/your-stories\/schizophrenia-what-i-wish-someone-had-told-me\/#.XULLm-hKhzo\">https:\/\/www.mind.org.uk\/information-support\/your-stories\/schizophrenia-what-i-wish-someone-had-told-me\/#.XULLm-hKhzo<\/a> [Accessed Aug 2019]<\/li><\/ol><\/div><\/div>\n\n\n\n\n","protected":false},"excerpt":{"rendered":"","protected":false},"author":1,"featured_media":1171,"parent":2330,"menu_order":0,"comment_status":"closed","ping_status":"closed","template":"page-fullwidth.php","meta":{"_acf_changed":false,"rea_page_title_signed_in_meta_block_field":"Dz\u012bve ar \u0161izofr\u0113niju","rea_page_title_signed_out_meta_block_field":"Dz\u012bve ar \u0161izofr\u0113niju","rea_page_description_signed_in_meta_block_field":"Katrs pacients ar \u0161izofr\u0113niju to piedz\u012bvo at\u0161\u0137ir\u012bgi. Kaut ar\u012b simptomu izpausmes un smagums var at\u0161\u0137irties, tom\u0113r, visdr\u012bz\u0101k tie ietekm\u0113s person\u012bgo dz\u012bvi","rea_page_description_signed_out_meta_block_field":"Katrs pacients ar \u0161izofr\u0113niju to piedz\u012bvo at\u0161\u0137ir\u012bgi. Kaut ar\u012b simptomu izpausmes un smagums var at\u0161\u0137irties, tom\u0113r, visdr\u012bz\u0101k tie ietekm\u0113s person\u012bgo dz\u012bvi","rea_page_footer_id_meta_block_field":"","rea_page_footer_date_meta_block_field":"","footnotes":""},"class_list":["post-2332","page","type-page","status-publish","has-post-thumbnail","hentry"],"acf":[],"yoast_head":"<!-- This site is optimized with the Yoast SEO plugin v20.8 - https:\/\/yoast.com\/wordpress\/plugins\/seo\/ -->\n<title>K\u0101 \u0161izofr\u0113nija ietekm\u0113 J\u016bsu dz\u012bvi? - sizofrenija.lv\/sabiedribai<\/title>\n<meta name=\"robots\" content=\"index, follow, max-snippet:-1, max-image-preview:large, max-video-preview:-1\" \/>\n<link rel=\"canonical\" href=\"https:\/\/sizofrenija.lv\/sabiedribai\/dzive-ar-sizofreniju\/personiga-dzive\/\" \/>\n<meta property=\"og:locale\" content=\"en_US\" \/>\n<meta property=\"og:type\" content=\"article\" \/>\n<meta property=\"og:title\" content=\"K\u0101 \u0161izofr\u0113nija ietekm\u0113 J\u016bsu dz\u012bvi? - sizofrenija.lv\/sabiedribai\" \/>\n<meta property=\"og:url\" content=\"https:\/\/sizofrenija.lv\/sabiedribai\/dzive-ar-sizofreniju\/personiga-dzive\/\" \/>\n<meta property=\"og:site_name\" content=\"sizofrenija.lv\/sabiedribai\" \/>\n<meta property=\"article:modified_time\" content=\"2025-12-19T10:52:30+00:00\" \/>\n<meta property=\"og:image\" content=\"https:\/\/sizofrenija.lv\/sabiedribai\/wp-content\/uploads\/2019\/11\/34-Timi-szept-30_00001-scaled.jpg\" \/>\n\t<meta property=\"og:image:width\" content=\"1826\" \/>\n\t<meta property=\"og:image:height\" content=\"2560\" \/>\n\t<meta property=\"og:image:type\" content=\"image\/jpeg\" \/>\n<meta name=\"twitter:card\" content=\"summary_large_image\" \/>\n<meta name=\"twitter:label1\" content=\"Est. reading time\" \/>\n\t<meta name=\"twitter:data1\" content=\"4 minutes\" \/>\n<script type=\"application\/ld+json\" class=\"yoast-schema-graph\">{\"@context\":\"https:\/\/schema.org\",\"@graph\":[{\"@type\":\"WebPage\",\"@id\":\"https:\/\/sizofrenija.lv\/sabiedribai\/dzive-ar-sizofreniju\/personiga-dzive\/\",\"url\":\"https:\/\/sizofrenija.lv\/sabiedribai\/dzive-ar-sizofreniju\/personiga-dzive\/\",\"name\":\"K\u0101 \u0161izofr\u0113nija ietekm\u0113 J\u016bsu dz\u012bvi? - sizofrenija.lv\/sabiedribai\",\"isPartOf\":{\"@id\":\"https:\/\/sizofrenija.lv\/sabiedribai\/#website\"},\"datePublished\":\"2020-01-14T14:49:55+00:00\",\"dateModified\":\"2025-12-19T10:52:30+00:00\",\"breadcrumb\":{\"@id\":\"https:\/\/sizofrenija.lv\/sabiedribai\/dzive-ar-sizofreniju\/personiga-dzive\/#breadcrumb\"},\"inLanguage\":\"en-US\",\"potentialAction\":[{\"@type\":\"ReadAction\",\"target\":[\"https:\/\/sizofrenija.lv\/sabiedribai\/dzive-ar-sizofreniju\/personiga-dzive\/\"]}]},{\"@type\":\"BreadcrumbList\",\"@id\":\"https:\/\/sizofrenija.lv\/sabiedribai\/dzive-ar-sizofreniju\/personiga-dzive\/#breadcrumb\",\"itemListElement\":[{\"@type\":\"ListItem\",\"position\":1,\"name\":\"Home\",\"item\":\"https:\/\/sizofrenija.lv\/sabiedribai\/\"},{\"@type\":\"ListItem\",\"position\":2,\"name\":\"Living with Schizophrenia\",\"item\":\"https:\/\/sizofrenija.lv\/sabiedribai\/dzive-ar-sizofreniju\/\"},{\"@type\":\"ListItem\",\"position\":3,\"name\":\"K\u0101 \u0161izofr\u0113nija ietekm\u0113 J\u016bsu dz\u012bvi?\"}]},{\"@type\":\"WebSite\",\"@id\":\"https:\/\/sizofrenija.lv\/sabiedribai\/#website\",\"url\":\"https:\/\/sizofrenija.lv\/sabiedribai\/\",\"name\":\"sizofrenija.lv\/sabiedribai\",\"description\":\"\",\"potentialAction\":[{\"@type\":\"SearchAction\",\"target\":{\"@type\":\"EntryPoint\",\"urlTemplate\":\"https:\/\/sizofrenija.lv\/sabiedribai\/?s={search_term_string}\"},\"query-input\":\"required name=search_term_string\"}],\"inLanguage\":\"en-US\"}]}<\/script>\n<!-- \/ Yoast SEO plugin. -->","yoast_head_json":{"title":"K\u0101 \u0161izofr\u0113nija ietekm\u0113 J\u016bsu dz\u012bvi? - sizofrenija.lv\/sabiedribai","robots":{"index":"index","follow":"follow","max-snippet":"max-snippet:-1","max-image-preview":"max-image-preview:large","max-video-preview":"max-video-preview:-1"},"canonical":"https:\/\/sizofrenija.lv\/sabiedribai\/dzive-ar-sizofreniju\/personiga-dzive\/","og_locale":"en_US","og_type":"article","og_title":"K\u0101 \u0161izofr\u0113nija ietekm\u0113 J\u016bsu dz\u012bvi? - sizofrenija.lv\/sabiedribai","og_url":"https:\/\/sizofrenija.lv\/sabiedribai\/dzive-ar-sizofreniju\/personiga-dzive\/","og_site_name":"sizofrenija.lv\/sabiedribai","article_modified_time":"2025-12-19T10:52:30+00:00","og_image":[{"width":1826,"height":2560,"url":"https:\/\/sizofrenija.lv\/sabiedribai\/wp-content\/uploads\/2019\/11\/34-Timi-szept-30_00001-scaled.jpg","type":"image\/jpeg"}],"twitter_card":"summary_large_image","twitter_misc":{"Est. reading time":"4 minutes"},"schema":{"@context":"https:\/\/schema.org","@graph":[{"@type":"WebPage","@id":"https:\/\/sizofrenija.lv\/sabiedribai\/dzive-ar-sizofreniju\/personiga-dzive\/","url":"https:\/\/sizofrenija.lv\/sabiedribai\/dzive-ar-sizofreniju\/personiga-dzive\/","name":"K\u0101 \u0161izofr\u0113nija ietekm\u0113 J\u016bsu dz\u012bvi? - sizofrenija.lv\/sabiedribai","isPartOf":{"@id":"https:\/\/sizofrenija.lv\/sabiedribai\/#website"},"datePublished":"2020-01-14T14:49:55+00:00","dateModified":"2025-12-19T10:52:30+00:00","breadcrumb":{"@id":"https:\/\/sizofrenija.lv\/sabiedribai\/dzive-ar-sizofreniju\/personiga-dzive\/#breadcrumb"},"inLanguage":"en-US","potentialAction":[{"@type":"ReadAction","target":["https:\/\/sizofrenija.lv\/sabiedribai\/dzive-ar-sizofreniju\/personiga-dzive\/"]}]},{"@type":"BreadcrumbList","@id":"https:\/\/sizofrenija.lv\/sabiedribai\/dzive-ar-sizofreniju\/personiga-dzive\/#breadcrumb","itemListElement":[{"@type":"ListItem","position":1,"name":"Home","item":"https:\/\/sizofrenija.lv\/sabiedribai\/"},{"@type":"ListItem","position":2,"name":"Living with Schizophrenia","item":"https:\/\/sizofrenija.lv\/sabiedribai\/dzive-ar-sizofreniju\/"},{"@type":"ListItem","position":3,"name":"K\u0101 \u0161izofr\u0113nija ietekm\u0113 J\u016bsu dz\u012bvi?"}]},{"@type":"WebSite","@id":"https:\/\/sizofrenija.lv\/sabiedribai\/#website","url":"https:\/\/sizofrenija.lv\/sabiedribai\/","name":"sizofrenija.lv\/sabiedribai","description":"","potentialAction":[{"@type":"SearchAction","target":{"@type":"EntryPoint","urlTemplate":"https:\/\/sizofrenija.lv\/sabiedribai\/?s={search_term_string}"},"query-input":"required name=search_term_string"}],"inLanguage":"en-US"}]}},"_links":{"self":[{"href":"https:\/\/sizofrenija.lv\/sabiedribai\/wp-json\/wp\/v2\/pages\/2332","targetHints":{"allow":["GET"]}}],"collection":[{"href":"https:\/\/sizofrenija.lv\/sabiedribai\/wp-json\/wp\/v2\/pages"}],"about":[{"href":"https:\/\/sizofrenija.lv\/sabiedribai\/wp-json\/wp\/v2\/types\/page"}],"author":[{"embeddable":true,"href":"https:\/\/sizofrenija.lv\/sabiedribai\/wp-json\/wp\/v2\/users\/1"}],"replies":[{"embeddable":true,"href":"https:\/\/sizofrenija.lv\/sabiedribai\/wp-json\/wp\/v2\/comments?post=2332"}],"version-history":[{"count":30,"href":"https:\/\/sizofrenija.lv\/sabiedribai\/wp-json\/wp\/v2\/pages\/2332\/revisions"}],"predecessor-version":[{"id":5329,"href":"https:\/\/sizofrenija.lv\/sabiedribai\/wp-json\/wp\/v2\/pages\/2332\/revisions\/5329"}],"up":[{"embeddable":true,"href":"https:\/\/sizofrenija.lv\/sabiedribai\/wp-json\/wp\/v2\/pages\/2330"}],"wp:featuredmedia":[{"embeddable":true,"href":"https:\/\/sizofrenija.lv\/sabiedribai\/wp-json\/wp\/v2\/media\/1171"}],"wp:attachment":[{"href":"https:\/\/sizofrenija.lv\/sabiedribai\/wp-json\/wp\/v2\/media?parent=2332"}],"curies":[{"name":"wp","href":"https:\/\/api.w.org\/{rel}","templated":true}]}}