{"id":2370,"date":"2020-01-15T07:54:36","date_gmt":"2020-01-15T07:54:36","guid":{"rendered":"https:\/\/sizofrenija.lv\/sabiedribai\/?page_id=2370"},"modified":"2025-12-19T11:52:30","modified_gmt":"2025-12-19T10:52:30","slug":"palidziba","status":"publish","type":"page","link":"https:\/\/sizofrenija.lv\/sabiedribai\/padoms-un-atbalsts\/palidziba\/","title":{"rendered":"K\u0101 es varu pal\u012bdz\u0113t pacientam ar \u0161izofr\u0113niju?"},"content":{"rendered":"\n<div class=\"wp-block-rea-inpage-nav-rea-inpage-nav-block rea-inpage-nav-block front has-margin\">\n   <div class=\"rea-inpage-nav-block__image\" style=\"background-image: url(\/\/sizofrenija.lv\/sabiedribai\/wp-content\/uploads\/2019\/03\/wooden.png.webp)\">\n      <picture>\n         <source data-swift-image-lazyload=\"true\" data-srcset=\"\/\/sizofrenija.lv\/sabiedribai\/wp-content\/uploads\/2019\/03\/wooden.png.webp\" type=\"image\/webp\">\n         <img decoding=\"async\" class=\"inpage-nav-background\" alt=\"\" src=\"data:image\/png;base64,iVBORw0KGgoAAAANSUhEUgAAABQAAAAPBAMAAAAWtvJmAAAACXBIWXMAAA7EAAAOxAGVKw4bAAAAIVBMVEXt7e3u7u7v7+\/w8PDx8fHy8vLz8\/P09PT19fX29vb39\/ed8KIWAAAAcElEQVQIHQXBwXFCQRBDwTdTn6tXSwbE4BicfwpLAozsK1XI3fWz5t5\/X99a7TIsEq4dQjLJlULPyhN1Ff5EeJpMBRQ3S6+TGdIEgxh6H+bXcap5QNadnE4r1JTUXpZGbPceIMhcCq46t3c3Tmqz5X9Wv0AMhf4ZrwAAAABJRU5ErkJggg==\" data-src=\"\/\/sizofrenija.lv\/sabiedribai\/wp-content\/uploads\/2019\/03\/wooden.png\" data-srcset=\"\" data-sizes=\"\" data-swift-image-lazyload=\"true\" data-style=\"\" style=\"\" data-l=\"\">\n      <\/source><\/picture>\n   <\/div>\n   <div class=\"rea-inpage-nav-block__content\">\n      <div class=\"rea-inpage-nav-block__content--wrapper\">\n         <div class=\"text-wrapper\">\n            <h2 class=\"inpage-nav-title\">K\u0101 es varu pal\u012bdz\u0113t pacientam ar \u0161izofr\u0113niju?<\/h2>\n            Ja k\u0101ds Jums paz\u012bstams cilv\u0113ks sirgst ar \u0161izofr\u0113niju, ne vienm\u0113r ir vienk\u0101r\u0161i saprast, k\u0101 pal\u012bdz\u0113t. Ta\u010du ir virkne lietu, ko J\u016bs var\u0113tu dar\u012bt. Atcerieties, ka var b\u016bt \u013coti nom\u0101co\u0161i apr\u016bp\u0113t k\u0101du, kam ir psihiska saslim\u0161ana, t\u0101d\u0113\u013c paturiet pr\u0101t\u0101, ka:\n\t\t\t<ul class=\"inpage-nav-list\">\n\t\t\t   <li>Vi\u0146a\/as \u0161izofr\u0113nija nav J\u016bsu vaina<\/li>\n\t\t\t   <li>Vi\u0146a\/as \u0161izofr\u0113nija nav vi\u0146a\/as vaina<\/li>\n\t\t\t   <li>J\u016bs nevariet iz\u0101rst\u0113t vi\u0146a\/as slim\u012bbu<\/li>\n\t\t\t   <li>Murgi vai halucin\u0101cijas vi\u0146am pa\u0161am \u0161\u0137iet pavisam re\u0101las<\/li>\n\t\t\t   <li>Cilv\u0113ks pats nav slim\u012bba<\/li>\n\t\t\t   <li>Pat vislab\u0101kie m\u0113dz pie\u013caut k\u013c\u016bdas<\/li>\n            <\/ul>\n         <\/div>\n         <div class=\"section-nav\" style=\"display: none;\">\n            <h4 class=\"section-nav--title\">In this section<\/h4>\n            <div class=\"section-nav--nav-items js-inpage-nav-items\"><\/div>\n         <\/div>\n      <\/div>\n   <\/div>\n<\/div>\n\n\n\n<div class=\"wp-block-rea-title-rea-title-block rea-title-block front\"><div class=\"rea-title-block__content\"><h3 id=\"\" class=\"content-title rea-hidden\"><\/h3><h4 class=\"content-subtitle \">1. Uzziniet vair\u0101k par \u0161izofr\u0113niju<\/h4><\/div><\/div>\n\n\n\n<div class=\"wp-block-rea-paragraph-rea-paragraph-block rea-paragraph-block front\"><div class=\"rea-paragraph-block__content\"><p class=\"content-text\">Svar\u012bgi ir iepaz\u012bt \u0161izofr\u0113niju, lai saprastu t\u0101s stadijas, simptomus, kas ticami b\u016bs j\u0101piedz\u012bvo slim\u012bbas laik\u0101. Daudzi s\u0101kotn\u0113jie priek\u0161stati par \u0161izofr\u0113niju nav patiesi, t\u0101d\u0113\u013c veltiet laiku tam, lai izprastu, kas ir m\u012bti un kas \u2013 paties\u012bba.<br><br><\/p><\/div><\/div>\n\n\n\n<div class=\"wp-block-rea-title-rea-title-block rea-title-block front\"><div class=\"rea-title-block__content\"><h3 id=\"\" class=\"content-title rea-hidden\"><\/h3><h4 class=\"content-subtitle \">2. Ziniet paz\u012bmes, kas liecina par atk\u0101rtotu slim\u012bbas paasin\u0101jumu<\/h4><\/div><\/div>\n\n\n\n<div class=\"wp-block-rea-paragraph-rea-paragraph-block rea-paragraph-block front\"><div class=\"rea-paragraph-block__content\"><p class=\"content-text\">Katram pacientam ar \u0161izofr\u0113niju ir at\u0161\u0137ir\u012bgi simptomi un slim\u012bbas norise. Atpaz\u012bstot paz\u012bmes, kas nor\u0101da, ka pacienta ar \u0161izofr\u0113niju st\u0101voklis pasliktin\u0101s, J\u016bs varat pal\u012bdz\u0113t vi\u0146am kontrol\u0113t slim\u012bbu. Raugieties, vai nepar\u0101d\u0101s:<sup>2<\/sup><\/p><\/div><\/div>\n\n\n\n<div class=\"wp-block-rea-list-rea-list-block rea-list-block front\"><div class=\"rea-list-block__wrapper\"><div class=\"list-unordered list\"><p>Apet\u012btes zudums<\/p><p>Trauksme vai stress<\/p><p>Trauc\u0113ts miegs<\/p><p>Aizdomu vai bai\u013cu izj\u016btas<\/p><p>Uztraukums par citu cilv\u0113ku r\u012bc\u012bbas mot\u012bviem<\/p><p>\u0160ad un tad sadzird\u0113tas klusas balsis<\/p><p>Koncentr\u0113\u0161an\u0101s gr\u016bt\u012bbas<\/p><\/div><\/div><\/div>\n\n\n\n<div class=\"wp-block-rea-paragraph-rea-paragraph-block rea-paragraph-block front\"><div class=\"rea-paragraph-block__content\"><p class=\"content-text\">Ja J\u016bs paman\u0101t \u0161\u012bs paz\u012bmes, p\u0101rliecinieties vai vi\u0146am\/vi\u0146ai ir pieejamas z\u0101les un apsveriet, vai ir nepiecie\u0161ams papildus atbalsts.<br><br><\/p><\/div><\/div>\n\n\n\n<div class=\"wp-block-rea-title-rea-title-block rea-title-block front\"><div class=\"rea-title-block__content\"><h3 id=\"\" class=\"content-title rea-hidden\"><\/h3><h4 class=\"content-subtitle \">3. Piesaistiet visu iesp\u0113jamo specializ\u0113to atbalstu<\/h4><\/div><\/div>\n\n\n\n<div class=\"wp-block-rea-paragraph-rea-paragraph-block rea-paragraph-block front\"><div class=\"rea-paragraph-block__content\"><p class=\"content-text\">Pieejamas da\u017e\u0101das atbalsta formas un pakalpojumi pacientiem ar \u0161izofr\u0113niju. Jo vair\u0101k Jums b\u016bs pieejams profesion\u0101lais atbalsts, jo viegl\u0101k b\u016bs p\u0101rvar\u0113t gr\u016btos periodus.<br><br><\/p><\/div><\/div>\n\n\n\n<div class=\"wp-block-rea-title-rea-title-block rea-title-block front\"><div class=\"rea-title-block__content\"><h3 id=\"\" class=\"content-title rea-hidden\"><\/h3><h4 class=\"content-subtitle \">4. P\u0101rliecinieties, ka tiek lietotas z\u0101les<\/h4><\/div><\/div>\n\n\n\n<div class=\"wp-block-rea-paragraph-rea-paragraph-block rea-paragraph-block front\"><div class=\"rea-paragraph-block__content\"><p class=\"content-text\">Svar\u012bgi, lai pacienti ar \u0161izofr\u0113niju pareizi lietotu vi\u0146iem izrakst\u012bt\u0101s z\u0101les. Tas pal\u012bdz nov\u0113rst atk\u0101rtotu slim\u012bbas paasin\u0101jumu.<sup>2<\/sup> Kad pacients j\u016btas labi, centieties iedibin\u0101t re\u017e\u012bmu, kuram sekot. Kop\u012bgiem sp\u0113kiem cen\u0161aties uzveikt jebkuru vi\u0146a aizm\u0101r\u0161\u012bbu.<br><br><\/p><\/div><\/div>\n\n\n\n<div class=\"wp-block-rea-title-rea-title-block rea-title-block front\"><div class=\"rea-title-block__content\"><h3 data-short=\"\" id=\"\" class=\"content-title rea-hidden\"><\/h3><h4 class=\"content-subtitle \">5. <strong>P\u0101rliecinieties, ka cilv\u0113ks, kuru vi\u0146\u0161\/vi\u0146a m\u012bl, ir dro\u0161\u012bb\u0101<\/strong><\/h4><\/div><\/div>\n\n\n\n<div class=\"wp-block-rea-paragraph-rea-paragraph-block rea-paragraph-block front\"><div class=\"rea-paragraph-block__content\"><p class=\"content-text\">Cilv\u0113kam ar \u0161izofr\u0113niju var b\u016bt sare\u017e\u0123\u012bti skaidri dom\u0101t un par\u016bp\u0113ties par sevi un sev tuv\u0101kajiem.<sup>1<\/sup> Ja vi\u0146am ir par k\u0101du j\u0101r\u016bp\u0113jas, J\u016bs, iesp\u0113jams, variet pal\u012bdz\u0113t vi\u0146am veikt t\u0101dus ikdienas darbus k\u0101 m\u0101jas uzkop\u0161ana vai iepirk\u0161an\u0101s. J\u016bs variet ar\u012b vienk\u0101r\u0161i pacientu apraudz\u012bt, lai p\u0101rliecin\u0101tos, ka viss ir k\u0101rt\u012bb\u0101.<br><br><\/p><\/div><\/div>\n\n\n\n<div class=\"wp-block-rea-title-rea-title-block rea-title-block front\"><div class=\"rea-title-block__content\"><h3 id=\"\" class=\"content-title rea-hidden\"><\/h3><h4 class=\"content-subtitle \"><strong>6. Pal\u012bdziet atrast j\u0113gpilnu nodarbo\u0161anos un apg\u016bt jaunas prasmes<\/strong><\/h4><\/div><\/div>\n\n\n\n<div class=\"wp-block-rea-paragraph-rea-paragraph-block rea-paragraph-block front\"><div class=\"rea-paragraph-block__content\"><p class=\"content-text\">Svar\u012bgi ir koncentr\u0113ties uz pozit\u012bvo, uz liet\u0101m, kuras pacientu iepriecina un kuras vi\u0146am padodas. Cen\u0161aties izvirz\u012bt pacientam nelielus, re\u0101lus m\u0113r\u0137us un atrodiet darbu vai ar\u012b nodarbi, kas pacientam \u013cautu ar prieku pielietot savas prasmes. Atcerieties, ka gr\u016bt\u012bbas koncentr\u0113ties ir \u0161izofr\u0113nijas simptoms, un t\u0101p\u0113c ir svar\u012bgi b\u016bt paciet\u012bgiem.<sup>1<\/sup><br><br><\/p><\/div><\/div>\n\n\n\n<div class=\"wp-block-rea-title-rea-title-block rea-title-block front\"><div class=\"rea-title-block__content\"><h3 id=\"\" class=\"content-title rea-hidden\"><\/h3><h4 class=\"content-subtitle \">7. <strong>Sarg\u0101jiet sevi<\/strong><\/h4><\/div><\/div>\n\n\n\n<div class=\"wp-block-rea-paragraph-rea-paragraph-block rea-paragraph-block front\"><div class=\"rea-paragraph-block__content\"><p class=\"content-text\">Tas nav vienk\u0101r\u0161i b\u016bt l\u012bdz\u0101s tuvam cilv\u0113kam, kas slimo ar \u0161izofr\u0113niju. P\u0101rliecinieties, ka J\u016bs nepametat nov\u0101rt\u0101 r\u016bpes par sevi un atliciniet laiku ar\u012b sev.<\/p><\/div><\/div>\n\n\n\n<div class=\"wp-block-rea-list-rea-list-block rea-list-block front\"><div class=\"rea-list-block__wrapper\"><div class=\"list-unordered list\"><p>Atrodiet k\u0101du, ar ko parun\u0101t par sav\u0101m izj\u016bt\u0101m<\/p><p>Uzturiet saikni ar draugiem un \u0123imenes locek\u013ciem<\/p><p>Neuztveriet aizvainojo\u0161u uzved\u012bbu un v\u0101rdus person\u012bgi<\/p><\/div><\/div><\/div>\n\n\n\n<div class=\"wp-block-rea-paragraph-rea-paragraph-block rea-paragraph-block front\"><div class=\"rea-paragraph-block__content\"><p class=\"content-text\">Mekl\u0113jiet valsts un pa\u0161vald\u012bbu iest\u0101\u017eu atbalstu, psihisk\u0101s vesel\u012bbas labdar\u012bbas organiz\u0101cijas, pacientu organiz\u0101cijas.<\/p><\/div><\/div>\n\n\n\n<div class=\"wp-block-rea-references-rea-references-block rea-references-block front\"><div class=\"rea-references-block__references\"><p class=\"references-title\">Atsauces<\/p><ol class=\"references-list\"><li>NIMH, Schizophrenia, 2016. <a href=\"https:\/\/www.nimh.nih.gov\/health\/topics\/schizophrenia\/index.shtml\">https:\/\/www.nimh.nih.gov\/health\/topics\/schizophrenia\/index.shtml<\/a><sup> <\/sup>[Accessed Jul 2019]<\/li><li>NHS, Living with schizophrenia, 2016. <a href=\"https:\/\/www.nhs.uk\/conditions\/schizophrenia\/living-with\/%20\">https:\/\/www.nhs.uk\/conditions\/schizophrenia\/living-with\/ <\/a>[Accessed Jul 2019]<\/li><\/ol><\/div><\/div>\n\n\n\n\n","protected":false},"excerpt":{"rendered":"","protected":false},"author":1,"featured_media":1167,"parent":2368,"menu_order":0,"comment_status":"closed","ping_status":"closed","template":"page-fullwidth.php","meta":{"_acf_changed":false,"rea_page_title_signed_in_meta_block_field":"\u0160izofr\u0113nija: k\u0101 pal\u012bdz\u0113t","rea_page_title_signed_out_meta_block_field":"\u0160izofr\u0113nija: k\u0101 pal\u012bdz\u0113t","rea_page_description_signed_in_meta_block_field":"Svar\u012bgi ir iepaz\u012bt \u0161izofr\u0113niju, lai saprastu t\u0101s stadijas, simptomus, kas b\u016bs j\u0101piedz\u012bvo slim\u012bbas laik\u0101. Daudzi s\u0101kotn\u0113jie priek\u0161stati nav patiesi","rea_page_description_signed_out_meta_block_field":"Svar\u012bgi ir iepaz\u012bt \u0161izofr\u0113niju, lai saprastu t\u0101s stadijas, simptomus, kas b\u016bs j\u0101piedz\u012bvo slim\u012bbas laik\u0101. Daudzi s\u0101kotn\u0113jie priek\u0161stati nav patiesi","rea_page_footer_id_meta_block_field":"","rea_page_footer_date_meta_block_field":"","footnotes":""},"class_list":["post-2370","page","type-page","status-publish","has-post-thumbnail","hentry"],"acf":[],"yoast_head":"<!-- This site is optimized with the Yoast SEO plugin v20.8 - https:\/\/yoast.com\/wordpress\/plugins\/seo\/ -->\n<title>K\u0101 es varu pal\u012bdz\u0113t pacientam ar \u0161izofr\u0113niju? - sizofrenija.lv\/sabiedribai<\/title>\n<meta name=\"robots\" content=\"index, follow, max-snippet:-1, max-image-preview:large, max-video-preview:-1\" \/>\n<link rel=\"canonical\" href=\"https:\/\/sizofrenija.lv\/sabiedribai\/padoms-un-atbalsts\/palidziba\/\" \/>\n<meta property=\"og:locale\" content=\"en_US\" \/>\n<meta property=\"og:type\" content=\"article\" \/>\n<meta property=\"og:title\" content=\"K\u0101 es varu pal\u012bdz\u0113t pacientam ar \u0161izofr\u0113niju? - sizofrenija.lv\/sabiedribai\" \/>\n<meta property=\"og:url\" content=\"https:\/\/sizofrenija.lv\/sabiedribai\/padoms-un-atbalsts\/palidziba\/\" \/>\n<meta property=\"og:site_name\" content=\"sizofrenija.lv\/sabiedribai\" \/>\n<meta property=\"article:modified_time\" content=\"2025-12-19T10:52:30+00:00\" \/>\n<meta property=\"og:image\" content=\"https:\/\/sizofrenija.lv\/sabiedribai\/wp-content\/uploads\/2019\/11\/30-Timi-szept-30_00001-scaled.jpg\" \/>\n\t<meta property=\"og:image:width\" content=\"2560\" \/>\n\t<meta property=\"og:image:height\" content=\"1896\" \/>\n\t<meta property=\"og:image:type\" content=\"image\/jpeg\" \/>\n<meta name=\"twitter:card\" content=\"summary_large_image\" \/>\n<meta name=\"twitter:label1\" content=\"Est. reading time\" \/>\n\t<meta name=\"twitter:data1\" content=\"3 minutes\" \/>\n<script type=\"application\/ld+json\" class=\"yoast-schema-graph\">{\"@context\":\"https:\/\/schema.org\",\"@graph\":[{\"@type\":\"WebPage\",\"@id\":\"https:\/\/sizofrenija.lv\/sabiedribai\/padoms-un-atbalsts\/palidziba\/\",\"url\":\"https:\/\/sizofrenija.lv\/sabiedribai\/padoms-un-atbalsts\/palidziba\/\",\"name\":\"K\u0101 es varu pal\u012bdz\u0113t pacientam ar \u0161izofr\u0113niju? - sizofrenija.lv\/sabiedribai\",\"isPartOf\":{\"@id\":\"https:\/\/sizofrenija.lv\/sabiedribai\/#website\"},\"datePublished\":\"2020-01-15T07:54:36+00:00\",\"dateModified\":\"2025-12-19T10:52:30+00:00\",\"breadcrumb\":{\"@id\":\"https:\/\/sizofrenija.lv\/sabiedribai\/padoms-un-atbalsts\/palidziba\/#breadcrumb\"},\"inLanguage\":\"en-US\",\"potentialAction\":[{\"@type\":\"ReadAction\",\"target\":[\"https:\/\/sizofrenija.lv\/sabiedribai\/padoms-un-atbalsts\/palidziba\/\"]}]},{\"@type\":\"BreadcrumbList\",\"@id\":\"https:\/\/sizofrenija.lv\/sabiedribai\/padoms-un-atbalsts\/palidziba\/#breadcrumb\",\"itemListElement\":[{\"@type\":\"ListItem\",\"position\":1,\"name\":\"Home\",\"item\":\"https:\/\/sizofrenija.lv\/sabiedribai\/\"},{\"@type\":\"ListItem\",\"position\":2,\"name\":\"Advice and support\",\"item\":\"https:\/\/sizofrenija.lv\/sabiedribai\/padoms-un-atbalsts\/\"},{\"@type\":\"ListItem\",\"position\":3,\"name\":\"K\u0101 es varu pal\u012bdz\u0113t pacientam ar \u0161izofr\u0113niju?\"}]},{\"@type\":\"WebSite\",\"@id\":\"https:\/\/sizofrenija.lv\/sabiedribai\/#website\",\"url\":\"https:\/\/sizofrenija.lv\/sabiedribai\/\",\"name\":\"sizofrenija.lv\/sabiedribai\",\"description\":\"\",\"potentialAction\":[{\"@type\":\"SearchAction\",\"target\":{\"@type\":\"EntryPoint\",\"urlTemplate\":\"https:\/\/sizofrenija.lv\/sabiedribai\/?s={search_term_string}\"},\"query-input\":\"required name=search_term_string\"}],\"inLanguage\":\"en-US\"}]}<\/script>\n<!-- \/ Yoast SEO plugin. -->","yoast_head_json":{"title":"K\u0101 es varu pal\u012bdz\u0113t pacientam ar \u0161izofr\u0113niju? - sizofrenija.lv\/sabiedribai","robots":{"index":"index","follow":"follow","max-snippet":"max-snippet:-1","max-image-preview":"max-image-preview:large","max-video-preview":"max-video-preview:-1"},"canonical":"https:\/\/sizofrenija.lv\/sabiedribai\/padoms-un-atbalsts\/palidziba\/","og_locale":"en_US","og_type":"article","og_title":"K\u0101 es varu pal\u012bdz\u0113t pacientam ar \u0161izofr\u0113niju? - sizofrenija.lv\/sabiedribai","og_url":"https:\/\/sizofrenija.lv\/sabiedribai\/padoms-un-atbalsts\/palidziba\/","og_site_name":"sizofrenija.lv\/sabiedribai","article_modified_time":"2025-12-19T10:52:30+00:00","og_image":[{"width":2560,"height":1896,"url":"https:\/\/sizofrenija.lv\/sabiedribai\/wp-content\/uploads\/2019\/11\/30-Timi-szept-30_00001-scaled.jpg","type":"image\/jpeg"}],"twitter_card":"summary_large_image","twitter_misc":{"Est. reading time":"3 minutes"},"schema":{"@context":"https:\/\/schema.org","@graph":[{"@type":"WebPage","@id":"https:\/\/sizofrenija.lv\/sabiedribai\/padoms-un-atbalsts\/palidziba\/","url":"https:\/\/sizofrenija.lv\/sabiedribai\/padoms-un-atbalsts\/palidziba\/","name":"K\u0101 es varu pal\u012bdz\u0113t pacientam ar \u0161izofr\u0113niju? - sizofrenija.lv\/sabiedribai","isPartOf":{"@id":"https:\/\/sizofrenija.lv\/sabiedribai\/#website"},"datePublished":"2020-01-15T07:54:36+00:00","dateModified":"2025-12-19T10:52:30+00:00","breadcrumb":{"@id":"https:\/\/sizofrenija.lv\/sabiedribai\/padoms-un-atbalsts\/palidziba\/#breadcrumb"},"inLanguage":"en-US","potentialAction":[{"@type":"ReadAction","target":["https:\/\/sizofrenija.lv\/sabiedribai\/padoms-un-atbalsts\/palidziba\/"]}]},{"@type":"BreadcrumbList","@id":"https:\/\/sizofrenija.lv\/sabiedribai\/padoms-un-atbalsts\/palidziba\/#breadcrumb","itemListElement":[{"@type":"ListItem","position":1,"name":"Home","item":"https:\/\/sizofrenija.lv\/sabiedribai\/"},{"@type":"ListItem","position":2,"name":"Advice and support","item":"https:\/\/sizofrenija.lv\/sabiedribai\/padoms-un-atbalsts\/"},{"@type":"ListItem","position":3,"name":"K\u0101 es varu pal\u012bdz\u0113t pacientam ar \u0161izofr\u0113niju?"}]},{"@type":"WebSite","@id":"https:\/\/sizofrenija.lv\/sabiedribai\/#website","url":"https:\/\/sizofrenija.lv\/sabiedribai\/","name":"sizofrenija.lv\/sabiedribai","description":"","potentialAction":[{"@type":"SearchAction","target":{"@type":"EntryPoint","urlTemplate":"https:\/\/sizofrenija.lv\/sabiedribai\/?s={search_term_string}"},"query-input":"required name=search_term_string"}],"inLanguage":"en-US"}]}},"_links":{"self":[{"href":"https:\/\/sizofrenija.lv\/sabiedribai\/wp-json\/wp\/v2\/pages\/2370","targetHints":{"allow":["GET"]}}],"collection":[{"href":"https:\/\/sizofrenija.lv\/sabiedribai\/wp-json\/wp\/v2\/pages"}],"about":[{"href":"https:\/\/sizofrenija.lv\/sabiedribai\/wp-json\/wp\/v2\/types\/page"}],"author":[{"embeddable":true,"href":"https:\/\/sizofrenija.lv\/sabiedribai\/wp-json\/wp\/v2\/users\/1"}],"replies":[{"embeddable":true,"href":"https:\/\/sizofrenija.lv\/sabiedribai\/wp-json\/wp\/v2\/comments?post=2370"}],"version-history":[{"count":52,"href":"https:\/\/sizofrenija.lv\/sabiedribai\/wp-json\/wp\/v2\/pages\/2370\/revisions"}],"predecessor-version":[{"id":5324,"href":"https:\/\/sizofrenija.lv\/sabiedribai\/wp-json\/wp\/v2\/pages\/2370\/revisions\/5324"}],"up":[{"embeddable":true,"href":"https:\/\/sizofrenija.lv\/sabiedribai\/wp-json\/wp\/v2\/pages\/2368"}],"wp:featuredmedia":[{"embeddable":true,"href":"https:\/\/sizofrenija.lv\/sabiedribai\/wp-json\/wp\/v2\/media\/1167"}],"wp:attachment":[{"href":"https:\/\/sizofrenija.lv\/sabiedribai\/wp-json\/wp\/v2\/media?parent=2370"}],"curies":[{"name":"wp","href":"https:\/\/api.w.org\/{rel}","templated":true}]}}