{"id":2874,"date":"2020-07-24T14:23:27","date_gmt":"2020-07-24T13:23:27","guid":{"rendered":"http:\/\/sizofrenija.lv\/sabiedribai\/?page_id=2874"},"modified":"2025-12-19T11:54:28","modified_gmt":"2025-12-19T10:54:28","slug":"delusions-vs-paranoia-is-there-a-difference","status":"publish","type":"page","link":"https:\/\/sizofrenija.lv\/sabiedribai\/delusions-vs-paranoia-is-there-a-difference\/","title":{"rendered":"Murgu idejas un paranoja: k\u0101da ir at\u0161\u0137ir\u012bba?"},"content":{"rendered":"\n<div class=\"wp-block-rea-inpage-nav-rea-inpage-nav-block rea-inpage-nav-block front has-margin\"><div class=\"rea-inpage-nav-block__image\" style=\"background-image: url(https:\/\/sizofrenija.lv\/sabiedribai\/wp-content\/uploads\/2019\/03\/wooden.png)\"><img decoding=\"async\" class=\"inpage-nav-background\" alt=\"\" src=\"https:\/\/sizofrenija.lv\/sabiedribai\/wp-content\/uploads\/2019\/03\/wooden.png\"\/><\/div><div class=\"rea-inpage-nav-block__content\"><div class=\"rea-inpage-nav-block__content--wrapper\"><div class=\"text-wrapper\"><h2 class=\"inpage-nav-title\">Murgu idejas un paranoja: k\u0101da ir at\u0161\u0137ir\u012bba?<\/h2><ul class=\"inpage-nav-list\"><\/ul><\/div><div class=\"section-nav\"><h4 class=\"section-nav--title\">\u0160aj\u0101 sada\u013c\u0101<\/h4><div class=\"section-nav--nav-items js-inpage-nav-items\"><\/div><\/div><\/div><\/div><\/div>\n\n\n\n<div class=\"wp-block-rea-paragraph-rea-paragraph-block rea-paragraph-block front\"><div class=\"rea-paragraph-block__content\"><p class=\"content-text\">Paranoja un murgu idejas ir psihiatrij\u0101 lietoti j\u0113dzieni, kas psihisk\u0101s vesel\u012bbas trauc\u0113jumu gad\u012bjum\u0101 bie\u017ei ir cie\u0161i saist\u012bti. Paranoj\u0101las domas un murgu idejas rakstur\u012bgas da\u017e\u0101d\u0101m psihiatriskaj\u0101m slim\u012bb\u0101m, piem\u0113ram, \u0161izofr\u0113nijai un m\u0101nijai, k\u0101 ar\u012b depresijai, vielu lieto\u0161anai un demencei. Nereti murgu idejas un paranoju saista ar \u0161izofr\u0113niju. Visbie\u017e\u0101k diagnostic\u0113to \u0161izofr\u0113nijas veidu d\u0113v\u0113 par parano\u012bdu \u0161izofr\u0113niju, un murgu idejas ir bie\u017ei nov\u0113rojams \u0161izofr\u0113nijas simptoms.<sup>1<\/sup><br>&nbsp;<br>Sarunvalod\u0101 abus min\u0113tos j\u0113dzienus bie\u017ei lieto k\u0101 sinon\u012bmus. Daudzi lietot\u0101ji nezina to prec\u012bzu defin\u012bciju, tom\u0113r abus j\u0113dzienus bie\u017ei izmanto, jo \u012bpa\u0161i lai paustu dusmas par citu cilv\u0113ku uzved\u012bbu: \u201cTu esi piln\u012bgi murgains!\u201d vai \u201cTu esi piln\u012bgi paranoj\u0101ls!\u201d Bet ko \u0161ie divi j\u0113dzieni paties\u012bb\u0101 noz\u012bm\u0113? Un ar ko tie at\u0161\u0137iras?<br><br><\/p><\/div><\/div>\n\n\n\n<div class=\"wp-block-rea-title-rea-title-block rea-title-block front\"><div class=\"rea-title-block__content\"><h3 id=\"strongmurgu-idejasstrong\" class=\"content-title \"><strong>Murgu idejas<\/strong><\/h3><h4 class=\"content-subtitle rea-hidden\"><\/h4><\/div><\/div>\n\n\n\n<div class=\"wp-block-rea-paragraph-rea-paragraph-block rea-paragraph-block front\"><div class=\"rea-paragraph-block__content\"><p class=\"content-text\">Murgu idejas var defin\u0113t k\u0101 \u201cnostiprin\u0101ju\u0161\u0101s p\u0101rliec\u012bbas, kuras nav iesp\u0113jams kori\u0123\u0113t ar faktiem, kas pier\u0101da pret\u0113jo\u201d.\u00b2 Proti, cilv\u0113ks ar murgu idej\u0101m neatk\u0101pjas no sav\u0101m p\u0101rliec\u012bb\u0101m k\u0101d\u0101 jaut\u0101jum\u0101 pat tad, ja ir pier\u0101d\u012bjumi, ka \u0161\u012bs p\u0101rliec\u012bbas ir piln\u012bgi nepareizas un nepamatotas. Ilustr\u0101cijai turpm\u0101k min\u0113ti piem\u0113ri da\u017e\u0101da veida murgu idej\u0101m:<sup>2<\/sup><br>&nbsp;<\/p><\/div><\/div>\n\n\n\n<div class=\"wp-block-rea-list-rea-list-block rea-list-block front\"><div class=\"rea-list-block__wrapper\"><div class=\"list-unordered list\">\n            <p>Vaj\u0101\u0161anas murgi (visbie\u017e\u0101k sastopamie), d\u0113v\u0113ti ar\u012b par paranoj\u0101liem murgiem<\/p>\n            <div class=\"rea-list-block__wrapper\" style=\"margin: -1em 7.27% -1em 3.27%\">\n                <div class=\"list-unordered list\">\n                    <p style=\"list-style: circle\">p\u0101rliec\u012bba, ka k\u0101dai personai, organiz\u0101cijai vai citai personu grupai ir nodoms nodar\u012bt kait\u0113jumu un\/vai vaj\u0101t<\/p>\n                <\/div>\n            <\/div>\n            <p>Attiec\u012bbu murgi (ar\u012b bie\u017ei sastopami)<\/p>\n            <div class=\"rea-list-block__wrapper\" style=\"margin: -1em 7.27% -1em 3.27%\">\n                <div class=\"list-unordered list\">\n                    <p style=\"list-style: circle\">p\u0101rliec\u012bba, ka apk\u0101rt\u0113jo cilv\u0113ku izteikumi, \u017eesti, z\u012bmes apk\u0101rt\u0113j\u0101 vid\u0113 u.c. ir attiecin\u0101mi uz pa\u0161u personu<\/p>\n                <\/div>\n            <\/div>\n            <p>Somatiskie murgi<\/p>\n            <div class=\"rea-list-block__wrapper\" style=\"margin: -1em 7.27% -1em 3.27%\">\n                <div class=\"list-unordered list\">\n                    <p style=\"list-style: circle\">koncentr\u0113\u0161an\u0101s uz raiz\u0113m par vesel\u012bbu un org\u0101nu darb\u012bbu<\/p>\n                <\/div>\n            <\/div>\n            <p>Lieluma murgi<\/p>\n            <div class=\"rea-list-block__wrapper\" style=\"margin: -1em 7.27% -1em 3.27%\">\n                <div class=\"list-unordered list\">\n                    <p style=\"list-style: circle\">p\u0101rliec\u012bba par savu popularit\u0101ti, bag\u0101t\u012bbu un apd\u0101vin\u0101t\u012bbu ar \u012bpa\u0161\u0101m sp\u0113j\u0101m<\/p>\n                <\/div>\n            <\/div>\n            <p>Iem\u012bl\u0113\u0161an\u0101s murgi<\/p>\n            <div class=\"rea-list-block__wrapper\" style=\"margin: -1em 7.27% -1em 3.27%\">\n                <div class=\"list-unordered list\">\n                    <p style=\"list-style: circle\">indiv\u012bda p\u0101rliec\u012bba par to, ka k\u0101da cita persona ir vi\u0146\u0101 iem\u012bl\u0113jusies<\/p>\n                <\/div>\n            <\/div>\n            <p>Nihilistiski murgi<\/p>\n            <div class=\"rea-list-block__wrapper\" style=\"margin: -1em 7.27% -1em 3.27%\">\n                <div class=\"list-unordered list\">\n                    <p style=\"list-style: circle\">indiv\u012bds ir p\u0101rliecin\u0101ts par lielas katastrofas tuvo\u0161anos<\/p>\n                <\/div>\n            <\/div>\n        <\/div><\/div><\/div>\n\n\n\n<div class=\"wp-block-rea-illustration-rea-illustration-block rea-illustration-block front\"><img class=\"illustration-bg\" alt=\"\"\/><div class=\"rea-illustration-block__content\"><div class=\"rea-illustration-block__image image-wrapper\"><a href=\"https:\/\/sizofrenija.lv\/sabiedribai\/wp-content\/uploads\/2020\/09\/LR002-Inside-article-image.jpg\" rel=\"noopener noreferrer\" target=\"_blank\" class=\"\"><img decoding=\"async\" class=\"illustration center\" alt=\"\" src=\"https:\/\/sizofrenija.lv\/sabiedribai\/wp-content\/uploads\/2020\/09\/LR002-Inside-article-image.jpg\" style=\"max-width: 80%\"\/><img decoding=\"async\" class=\"rea-mobile illustration-mobile\" alt=\"\" src=\"https:\/\/sizofrenija.lv\/sabiedribai\/wp-content\/uploads\/2020\/09\/LR002-Inside-article-image.jpg\"\/><\/a><\/div><p class=\"rea-site__caption caption-text align-center\"><\/p><\/div><\/div>\n\n\n\n<div class=\"wp-block-rea-paragraph-rea-paragraph-block rea-paragraph-block front\"><div class=\"rea-paragraph-block__content\"><p class=\"content-text\">Murgu idejas uzskata par fantastisk\u0101m, \u201eja t\u0101s ir ac\u012bmredzami neiesp\u0113jamas un nesaprotamas vienas kult\u016bras p\u0101rst\u0101vjiem un neizriet no ikdieni\u0161\u0137\u0101m pieredz\u0113m.\u201d\u00b2 Piem\u0113ram, cilv\u0113kam, kas ar p\u0101rliec\u012bbu apgalvo, ka k\u0101da \u0101r\u0113ja sp\u0113ka iedarb\u012bb\u0101 vi\u0146a iek\u0161\u0113jie org\u0101ni ir iz\u0146emti un aizvietoti ar cita cilv\u0113ka org\u0101niem, neatst\u0101jot br\u016bces vai r\u0113tas, ir att\u012bst\u012bju\u0161ies fantastiska satura murgi. Savuk\u0101rt ikdieni\u0161\u0137u murgu piem\u0113rs ir p\u0101rliec\u012bba, ka indiv\u012bds atrodas policijas nov\u0113ro\u0161an\u0101, lai gan tam nav p\u0101rliecino\u0161u pier\u0101d\u012bjumu. Murgu idejas parasti uzskata par fantastisk\u0101m, ja t\u0101s ir saist\u012btas ar kontroles zaud\u0113\u0161anu p\u0101r pr\u0101tu vai \u0137ermeni. Turpm\u0101k min\u0113ti da\u017ei piem\u0113ri:\u00b2<\/p><\/div><\/div>\n\n\n\n<div class=\"wp-block-rea-list-rea-list-block rea-list-block front\">\n    <div class=\"rea-list-block__wrapper\">\n        <div class=\"list-unordered list\">\n            <p>Domu at\u0146em\u0161ana<\/p>\n            <div class=\"rea-list-block__wrapper\" style=\"margin: -1em 7.27% -1em 3.27%\">\n                <div class=\"list-unordered list\">\n                    <p style=\"list-style: circle\">p\u0101rliec\u012bba, ka k\u0101ds \u0101r\u0113js sp\u0113ks \u201eat\u0146em\u201d domas<\/p>\n                <\/div>\n            <\/div>\n            <p>Domu ielik\u0161ana<\/p>\n            <div class=\"rea-list-block__wrapper\" style=\"margin: -1em 7.27% -1em 3.27%\">\n                <div class=\"list-unordered list\">\n                    <p style=\"list-style: circle\">p\u0101rliec\u012bba, ka pr\u0101t\u0101 ir ieliktas sve\u0161as domas<\/p>\n                <\/div>\n            <\/div>\n            <p>Iedarb\u012bbas murgi<\/p>\n            <div class=\"rea-list-block__wrapper\" style=\"margin: -1em 7.27% -1em 3.27%\">\n                <div class=\"list-unordered list\">\n                    <p style=\"list-style: circle\">p\u0101rliec\u012bba, ka k\u0101ds \u0101r\u0113js sp\u0113ks kontrol\u0113 indiv\u012bda \u0137ermeni vai darb\u012bbas<\/p>\n                <\/div>\n            <\/div>\n        <\/div>\n    <\/div>\n<\/div>\n\n\n\n<div class=\"wp-block-rea-paragraph-rea-paragraph-block rea-paragraph-block front\"><div class=\"rea-paragraph-block__content\"><p class=\"content-text\"><br>Reiz\u0113m murgu idejas ir gr\u016bti at\u0161\u0137irt no parast\u0101m sp\u0113c\u012bg\u0101m p\u0101rliec\u012bb\u0101m.\u00b2 At\u0161\u0137ir\u012bbu nosaka tas, cik liel\u0101 m\u0113r\u0101 konkr\u0113t\u0101 p\u0101rliec\u012bba ir kori\u0123\u0113jama situ\u0101cij\u0101, kad ir pieejami \u013coti skaidri\/lo\u0123iski pretargumenti t\u0101s patiesumam. <br><br><\/p><\/div><\/div>\n\n\n\n<div class=\"wp-block-rea-title-rea-title-block rea-title-block front\"><div class=\"rea-title-block__content\"><h3 id=\"paranoja\" class=\"content-title \">PARANOJA<\/h3><h4 class=\"content-subtitle rea-hidden\"><\/h4><\/div><\/div>\n\n\n\n<div class=\"wp-block-rea-paragraph-rea-paragraph-block rea-paragraph-block front\"><div class=\"rea-paragraph-block__content\"><p class=\"content-text\">Paranoju var defin\u0113t k\u0101 \u201cnepamatotu vai p\u0101rm\u0113r\u012bgu neuztic\u0113\u0161anos citiem cilv\u0113kiem\u201d.\u00b3 Paranoj\u0101las personas past\u0101v\u012bgi saskata sl\u0113ptus mot\u012bvus apk\u0101rt\u0113jo cilv\u0113ku r\u012bc\u012bb\u0101 un uzskata, ka konkr\u0113ti cilv\u0113ki vai sabiedr\u012bba kopum\u0101 \u201evi\u0146us vaj\u0101\u201d\u00b3. Paranoj\u0101las domas ir parasta pieredze, kas k\u0101d\u0101 dz\u012bves situ\u0101cij\u0101 var skart ikvienu. Izt\u0113lojieties \u0161\u0101du situ\u0101ciju \u2013 k\u0101d\u0101 tum\u0161\u0101 vakar\u0101 j\u016bs dodaties m\u0101jup un jums l\u0113n\u0101m pietuvojas ma\u0161\u012bna vai cilv\u0113ki, kuriem ejat gar\u0101m, sa\u010dukstoties j\u016bs nop\u0113ta. \u0160\u0101d\u0101s situ\u0101cij\u0101s var par\u0101d\u012bties bailes, ka \u0161ie cilv\u0113ki j\u016bs vaj\u0101, kaut ar\u012b nekas t\u0101ds nenotiek.<br>&nbsp;<br>Paranoja k\u013c\u016bst par probl\u0113mu tikai tad, ja sasniedz kl\u012bniski noz\u012bm\u012bgu l\u012bmeni, proti, murgu l\u012bmeni. \u0160\u0101dos gad\u012bjumos, k\u0101 nor\u0101d\u012bts iepriek\u0161, persona atsak\u0101s pie\u0146emt pier\u0101d\u012bjumus, kuri ir p\u0101rliecino\u0161\u0101 pretrun\u0101 ar \u0161\u012bs personas stingraj\u0101m p\u0101rliec\u012bb\u0101m. Tad paranoja p\u0101raug vaj\u0101\u0161anas\/paranoj\u0101los murgos, kuri atspogu\u013cojas personas p\u0101rliec\u012bb\u0101, ka cita persona vai personu grupa\/organiz\u0101cija vi\u0146u vaj\u0101.\u00b9 Paranoju un attiec\u012bgi ar\u012b vaj\u0101\u0161anas murgus var veicin\u0101t citas murgainas p\u0101rliec\u012bbas, piem\u0113ram, nihilistiskas idejas, domu at\u0146em\u0161ana, domu ielik\u0161ana, iedarb\u012bbas murgi. Paranoj\u0101li murgi var veidoties ar\u012b saist\u012bb\u0101 ar halucin\u0101cij\u0101m, kas ir \u201cmald\u012bgas ma\u0146u (redzes, taustes, ska\u0146as, o\u017eas vai gar\u0161as) saj\u016btas, kas rodas bez \u0101r\u0113ja kairin\u0101t\u0101ja ietekmes\u201d.\u00b9 Persona piedz\u012bvo halucin\u0101cijas, uzskata\/j\u016bt, ka t\u0101s ir \u012bstas, un var k\u013c\u016bt rai\u017epilna\/paranoj\u0101la, ja ir p\u0101rliecin\u0101ta, ka \u0161\u012bs halucin\u0101cijas izraisa \u013cauni cilv\u0113ki.<br><br><\/p><\/div><\/div>\n\n\n\n<div class=\"wp-block-rea-title-rea-title-block rea-title-block front\"><div class=\"rea-title-block__content\"><h3 id=\"secinjumi\" class=\"content-title \">SECIN\u0100JUMI<\/h3><h4 class=\"content-subtitle rea-hidden\"><\/h4><\/div><\/div>\n\n\n\n<div class=\"wp-block-rea-paragraph-rea-paragraph-block rea-paragraph-block front\"><div class=\"rea-paragraph-block__content\"><p class=\"content-text\">Rezum\u0113jot, var teikt, ka paranoja var b\u016bt cie\u0161i saist\u012bta ar murgu idej\u0101m. Vienk\u0101r\u0161i skaidrojot, paranoja ir nepamatotas vai p\u0101rm\u0113r\u012bgas bailes no apk\u0101rt\u0113jiem cilv\u0113kiem, kuras var p\u0101rveidoties murgu idej\u0101s, ja \u0161\u012bs bailes nemazin\u0101s pat tad, ja ir pieejami p\u0101rliecino\u0161i pier\u0101d\u012bjumi, ka t\u0101s ir nepamatotas. \u0160\u0101dos gad\u012bjumos paranoja ir att\u012bst\u012bjusies par paranoj\u0101liem murgiem. T\u0101d\u0113j\u0101di paranoju (ja t\u0101 ir smaga) var uzskat\u012bt par vienu no murgu veidiem, bet murgu idejas ir pla\u0161\u0101ks j\u0113dziens. Murgu idejas var neizpausties ar paranoju, un paranojai var neb\u016bt saist\u012bbas ar murgu idej\u0101m. Murgu ideju un paranojas smaguma pak\u0101pe var b\u016bt da\u017e\u0101da, un smagos gad\u012bjumos t\u0101s var b\u016bt invalidiz\u0113jo\u0161as psihiatriskas slim\u012bbas izpausme.<\/p><\/div><\/div>\n\n\n\n<div class=\"wp-block-rea-references-rea-references-block rea-references-block front\"><div class=\"rea-references-block__references\"><p class=\"references-title\">Atsauces<\/p><ol class=\"references-list\"><li>WHO. <em>ICD-10 Version: 2019<\/em>. (2019).<\/li><li>DSM V.  <em>American Psychiatric Association: Diagnostic and Statistical Manual of Mental Disorders: Diagnostic and Statistical Manual of Mental Disorders, Fifth Edition. Arlington, VA: American Psychiatric Association, 2013.<\/em> (2013).<\/li><li>The Free Dictionary by Farlex. <a href=\"https:\/\/medical-dictionary.thefreedictionary.com\/\" target=\"_blank\" rel=\"noopener noreferrer\">https:\/\/medical-dictionary.thefreedictionary.com\/<\/a>.<\/li><\/ol><\/div><\/div>\n","protected":false},"excerpt":{"rendered":"<p>Domu at\u0146em\u0161ana p\u0101rliec\u012bba, ka k\u0101ds \u0101r\u0113js sp\u0113ks \u201eat\u0146em\u201d domas Domu ielik\u0161ana p\u0101rliec\u012bba, ka pr\u0101t\u0101 ir ieliktas sve\u0161as domas Iedarb\u012bbas murgi p\u0101rliec\u012bba, ka k\u0101ds \u0101r\u0113js sp\u0113ks kontrol\u0113 indiv\u012bda \u0137ermeni vai darb\u012bbas<\/p>\n","protected":false},"author":1,"featured_media":2884,"parent":0,"menu_order":0,"comment_status":"closed","ping_status":"closed","template":"page-fullwidth.php","meta":{"_acf_changed":false,"rea_page_title_signed_in_meta_block_field":"Murgu idejas un paranoja: k\u0101da ir at\u0161\u0137ir\u012bba?","rea_page_title_signed_out_meta_block_field":"Murgu idejas un paranoja: k\u0101da ir at\u0161\u0137ir\u012bba?","rea_page_description_signed_in_meta_block_field":"Paranoja un murgu idejas ir psihiatrij\u0101 lietoti j\u0113dzieni, kas psihisk\u0101s vesel\u012bbas trauc\u0113jumu gad\u012bjum\u0101 bie\u017ei ir cie\u0161i saist\u012bti.","rea_page_description_signed_out_meta_block_field":"Paranoja un murgu idejas ir psihiatrij\u0101 lietoti j\u0113dzieni, kas psihisk\u0101s vesel\u012bbas trauc\u0113jumu gad\u012bjum\u0101 bie\u017ei ir cie\u0161i saist\u012bti.","rea_page_footer_id_meta_block_field":"","rea_page_footer_date_meta_block_field":"","footnotes":""},"class_list":["post-2874","page","type-page","status-publish","has-post-thumbnail","hentry"],"acf":[],"yoast_head":"<!-- This site is optimized with the Yoast SEO plugin v20.8 - https:\/\/yoast.com\/wordpress\/plugins\/seo\/ -->\n<title>Murgu idejas un paranoja: k\u0101da ir at\u0161\u0137ir\u012bba? - sizofrenija.lv\/sabiedribai<\/title>\n<meta name=\"robots\" content=\"index, follow, max-snippet:-1, max-image-preview:large, max-video-preview:-1\" \/>\n<link rel=\"canonical\" href=\"https:\/\/sizofrenija.lv\/sabiedribai\/delusions-vs-paranoia-is-there-a-difference\/\" \/>\n<meta property=\"og:locale\" content=\"en_US\" \/>\n<meta property=\"og:type\" content=\"article\" \/>\n<meta property=\"og:title\" content=\"Murgu idejas un paranoja: k\u0101da ir at\u0161\u0137ir\u012bba? - sizofrenija.lv\/sabiedribai\" \/>\n<meta property=\"og:description\" content=\"Domu at\u0146em\u0161ana p\u0101rliec\u012bba, ka k\u0101ds \u0101r\u0113js sp\u0113ks \u201eat\u0146em\u201d domas Domu ielik\u0161ana p\u0101rliec\u012bba, ka pr\u0101t\u0101 ir ieliktas sve\u0161as domas Iedarb\u012bbas murgi p\u0101rliec\u012bba, ka k\u0101ds \u0101r\u0113js sp\u0113ks kontrol\u0113 indiv\u012bda \u0137ermeni vai darb\u012bbas\" \/>\n<meta property=\"og:url\" content=\"https:\/\/sizofrenija.lv\/sabiedribai\/delusions-vs-paranoia-is-there-a-difference\/\" \/>\n<meta property=\"og:site_name\" content=\"sizofrenija.lv\/sabiedribai\" \/>\n<meta property=\"article:modified_time\" content=\"2025-12-19T10:54:28+00:00\" \/>\n<meta property=\"og:image\" content=\"https:\/\/sizofrenija.lv\/sabiedribai\/wp-content\/uploads\/2020\/09\/LR002-Paranoia.jpg\" \/>\n\t<meta property=\"og:image:width\" content=\"450\" \/>\n\t<meta property=\"og:image:height\" content=\"289\" \/>\n\t<meta property=\"og:image:type\" content=\"image\/jpeg\" \/>\n<meta name=\"twitter:card\" content=\"summary_large_image\" \/>\n<meta name=\"twitter:label1\" content=\"Est. reading time\" \/>\n\t<meta name=\"twitter:data1\" content=\"5 minutes\" \/>\n<script type=\"application\/ld+json\" class=\"yoast-schema-graph\">{\"@context\":\"https:\/\/schema.org\",\"@graph\":[{\"@type\":\"WebPage\",\"@id\":\"https:\/\/sizofrenija.lv\/sabiedribai\/delusions-vs-paranoia-is-there-a-difference\/\",\"url\":\"https:\/\/sizofrenija.lv\/sabiedribai\/delusions-vs-paranoia-is-there-a-difference\/\",\"name\":\"Murgu idejas un paranoja: k\u0101da ir at\u0161\u0137ir\u012bba? - sizofrenija.lv\/sabiedribai\",\"isPartOf\":{\"@id\":\"https:\/\/sizofrenija.lv\/sabiedribai\/#website\"},\"datePublished\":\"2020-07-24T13:23:27+00:00\",\"dateModified\":\"2025-12-19T10:54:28+00:00\",\"breadcrumb\":{\"@id\":\"https:\/\/sizofrenija.lv\/sabiedribai\/delusions-vs-paranoia-is-there-a-difference\/#breadcrumb\"},\"inLanguage\":\"en-US\",\"potentialAction\":[{\"@type\":\"ReadAction\",\"target\":[\"https:\/\/sizofrenija.lv\/sabiedribai\/delusions-vs-paranoia-is-there-a-difference\/\"]}]},{\"@type\":\"BreadcrumbList\",\"@id\":\"https:\/\/sizofrenija.lv\/sabiedribai\/delusions-vs-paranoia-is-there-a-difference\/#breadcrumb\",\"itemListElement\":[{\"@type\":\"ListItem\",\"position\":1,\"name\":\"Home\",\"item\":\"https:\/\/sizofrenija.lv\/sabiedribai\/\"},{\"@type\":\"ListItem\",\"position\":2,\"name\":\"Murgu idejas un paranoja: k\u0101da ir at\u0161\u0137ir\u012bba?\"}]},{\"@type\":\"WebSite\",\"@id\":\"https:\/\/sizofrenija.lv\/sabiedribai\/#website\",\"url\":\"https:\/\/sizofrenija.lv\/sabiedribai\/\",\"name\":\"sizofrenija.lv\/sabiedribai\",\"description\":\"\",\"potentialAction\":[{\"@type\":\"SearchAction\",\"target\":{\"@type\":\"EntryPoint\",\"urlTemplate\":\"https:\/\/sizofrenija.lv\/sabiedribai\/?s={search_term_string}\"},\"query-input\":\"required name=search_term_string\"}],\"inLanguage\":\"en-US\"}]}<\/script>\n<!-- \/ Yoast SEO plugin. -->","yoast_head_json":{"title":"Murgu idejas un paranoja: k\u0101da ir at\u0161\u0137ir\u012bba? - sizofrenija.lv\/sabiedribai","robots":{"index":"index","follow":"follow","max-snippet":"max-snippet:-1","max-image-preview":"max-image-preview:large","max-video-preview":"max-video-preview:-1"},"canonical":"https:\/\/sizofrenija.lv\/sabiedribai\/delusions-vs-paranoia-is-there-a-difference\/","og_locale":"en_US","og_type":"article","og_title":"Murgu idejas un paranoja: k\u0101da ir at\u0161\u0137ir\u012bba? - sizofrenija.lv\/sabiedribai","og_description":"Domu at\u0146em\u0161ana p\u0101rliec\u012bba, ka k\u0101ds \u0101r\u0113js sp\u0113ks \u201eat\u0146em\u201d domas Domu ielik\u0161ana p\u0101rliec\u012bba, ka pr\u0101t\u0101 ir ieliktas sve\u0161as domas Iedarb\u012bbas murgi p\u0101rliec\u012bba, ka k\u0101ds \u0101r\u0113js sp\u0113ks kontrol\u0113 indiv\u012bda \u0137ermeni vai darb\u012bbas","og_url":"https:\/\/sizofrenija.lv\/sabiedribai\/delusions-vs-paranoia-is-there-a-difference\/","og_site_name":"sizofrenija.lv\/sabiedribai","article_modified_time":"2025-12-19T10:54:28+00:00","og_image":[{"width":450,"height":289,"url":"https:\/\/sizofrenija.lv\/sabiedribai\/wp-content\/uploads\/2020\/09\/LR002-Paranoia.jpg","type":"image\/jpeg"}],"twitter_card":"summary_large_image","twitter_misc":{"Est. reading time":"5 minutes"},"schema":{"@context":"https:\/\/schema.org","@graph":[{"@type":"WebPage","@id":"https:\/\/sizofrenija.lv\/sabiedribai\/delusions-vs-paranoia-is-there-a-difference\/","url":"https:\/\/sizofrenija.lv\/sabiedribai\/delusions-vs-paranoia-is-there-a-difference\/","name":"Murgu idejas un paranoja: k\u0101da ir at\u0161\u0137ir\u012bba? - sizofrenija.lv\/sabiedribai","isPartOf":{"@id":"https:\/\/sizofrenija.lv\/sabiedribai\/#website"},"datePublished":"2020-07-24T13:23:27+00:00","dateModified":"2025-12-19T10:54:28+00:00","breadcrumb":{"@id":"https:\/\/sizofrenija.lv\/sabiedribai\/delusions-vs-paranoia-is-there-a-difference\/#breadcrumb"},"inLanguage":"en-US","potentialAction":[{"@type":"ReadAction","target":["https:\/\/sizofrenija.lv\/sabiedribai\/delusions-vs-paranoia-is-there-a-difference\/"]}]},{"@type":"BreadcrumbList","@id":"https:\/\/sizofrenija.lv\/sabiedribai\/delusions-vs-paranoia-is-there-a-difference\/#breadcrumb","itemListElement":[{"@type":"ListItem","position":1,"name":"Home","item":"https:\/\/sizofrenija.lv\/sabiedribai\/"},{"@type":"ListItem","position":2,"name":"Murgu idejas un paranoja: k\u0101da ir at\u0161\u0137ir\u012bba?"}]},{"@type":"WebSite","@id":"https:\/\/sizofrenija.lv\/sabiedribai\/#website","url":"https:\/\/sizofrenija.lv\/sabiedribai\/","name":"sizofrenija.lv\/sabiedribai","description":"","potentialAction":[{"@type":"SearchAction","target":{"@type":"EntryPoint","urlTemplate":"https:\/\/sizofrenija.lv\/sabiedribai\/?s={search_term_string}"},"query-input":"required name=search_term_string"}],"inLanguage":"en-US"}]}},"_links":{"self":[{"href":"https:\/\/sizofrenija.lv\/sabiedribai\/wp-json\/wp\/v2\/pages\/2874","targetHints":{"allow":["GET"]}}],"collection":[{"href":"https:\/\/sizofrenija.lv\/sabiedribai\/wp-json\/wp\/v2\/pages"}],"about":[{"href":"https:\/\/sizofrenija.lv\/sabiedribai\/wp-json\/wp\/v2\/types\/page"}],"author":[{"embeddable":true,"href":"https:\/\/sizofrenija.lv\/sabiedribai\/wp-json\/wp\/v2\/users\/1"}],"replies":[{"embeddable":true,"href":"https:\/\/sizofrenija.lv\/sabiedribai\/wp-json\/wp\/v2\/comments?post=2874"}],"version-history":[{"count":10,"href":"https:\/\/sizofrenija.lv\/sabiedribai\/wp-json\/wp\/v2\/pages\/2874\/revisions"}],"predecessor-version":[{"id":5339,"href":"https:\/\/sizofrenija.lv\/sabiedribai\/wp-json\/wp\/v2\/pages\/2874\/revisions\/5339"}],"wp:featuredmedia":[{"embeddable":true,"href":"https:\/\/sizofrenija.lv\/sabiedribai\/wp-json\/wp\/v2\/media\/2884"}],"wp:attachment":[{"href":"https:\/\/sizofrenija.lv\/sabiedribai\/wp-json\/wp\/v2\/media?parent=2874"}],"curies":[{"name":"wp","href":"https:\/\/api.w.org\/{rel}","templated":true}]}}