{"id":4417,"date":"2024-04-08T11:56:35","date_gmt":"2024-04-08T10:56:35","guid":{"rendered":"https:\/\/sizofrenija.lv\/sabiedribai\/?page_id=4417"},"modified":"2024-06-26T22:31:03","modified_gmt":"2024-06-26T21:31:03","slug":"atklati-par-sizofreniju-gimene","status":"publish","type":"page","link":"https:\/\/sizofrenija.lv\/sabiedribai\/atklati-par-sizofreniju-gimene\/","title":{"rendered":"ATKL\u0100TI PAR \u0160IZOFR\u0112NIJU \u0122IMEN\u0112"},"content":{"rendered":"","protected":false},"excerpt":{"rendered":"","protected":false},"author":1,"featured_media":5187,"parent":0,"menu_order":0,"comment_status":"closed","ping_status":"closed","template":"template-candid-book-chapters.php","meta":{"_acf_changed":false,"rea_page_title_signed_in_meta_block_field":"","rea_page_title_signed_out_meta_block_field":"","rea_page_description_signed_in_meta_block_field":"","rea_page_description_signed_out_meta_block_field":"","rea_page_footer_id_meta_block_field":"","rea_page_footer_date_meta_block_field":"","footnotes":""},"class_list":["post-4417","page","type-page","status-publish","has-post-thumbnail","hentry"],"acf":[],"yoast_head":"<!-- This site is optimized with the Yoast SEO plugin v20.8 - https:\/\/yoast.com\/wordpress\/plugins\/seo\/ -->\n<title>Digit\u0101l\u0101 gr\u0101mata par \u0161izofr\u0113niju \u0123imen\u0113<\/title>\n<meta name=\"description\" content=\"K\u0101 pal\u012bdz\u0113t sev, ja apr\u016bp\u0113 tuvinieku ar \u0161izofr\u0113niju? Bezmaksas digit\u0101l\u0101 gr\u0101mata apr\u016bp\u0113t\u0101jiem un tuviniekiem - ATKL\u0100TI PAR \u0160IZOFR\u0112NIJU \u0122IMEN\u0112!\" \/>\n<meta name=\"robots\" content=\"index, follow, max-snippet:-1, max-image-preview:large, max-video-preview:-1\" \/>\n<link rel=\"canonical\" href=\"https:\/\/sizofrenija.lv\/sabiedribai\/atklati-par-sizofreniju-gimene\/\" \/>\n<meta property=\"og:locale\" content=\"en_US\" \/>\n<meta property=\"og:type\" content=\"article\" \/>\n<meta property=\"og:title\" content=\"Digit\u0101l\u0101 gr\u0101mata par \u0161izofr\u0113niju \u0123imen\u0113\" \/>\n<meta property=\"og:description\" content=\"K\u0101 pal\u012bdz\u0113t sev, ja apr\u016bp\u0113 tuvinieku ar \u0161izofr\u0113niju? Bezmaksas digit\u0101l\u0101 gr\u0101mata apr\u016bp\u0113t\u0101jiem un tuviniekiem - ATKL\u0100TI PAR \u0160IZOFR\u0112NIJU \u0122IMEN\u0112!\" \/>\n<meta property=\"og:url\" content=\"https:\/\/sizofrenija.lv\/sabiedribai\/atklati-par-sizofreniju-gimene\/\" \/>\n<meta property=\"og:site_name\" content=\"sizofrenija.lv\/sabiedribai\" \/>\n<meta property=\"article:modified_time\" content=\"2024-06-26T21:31:03+00:00\" \/>\n<meta property=\"og:image\" content=\"https:\/\/sizofrenija.lv\/sabiedribai\/wp-content\/uploads\/2024\/05\/Sizofrenija_atklati_gimene_ka_palidzet-scaled.jpg\" \/>\n\t<meta property=\"og:image:width\" content=\"2560\" \/>\n\t<meta property=\"og:image:height\" content=\"1920\" \/>\n\t<meta property=\"og:image:type\" content=\"image\/jpeg\" \/>\n<meta name=\"twitter:card\" content=\"summary_large_image\" \/>\n<script type=\"application\/ld+json\" class=\"yoast-schema-graph\">{\"@context\":\"https:\/\/schema.org\",\"@graph\":[{\"@type\":\"WebPage\",\"@id\":\"https:\/\/sizofrenija.lv\/sabiedribai\/atklati-par-sizofreniju-gimene\/\",\"url\":\"https:\/\/sizofrenija.lv\/sabiedribai\/atklati-par-sizofreniju-gimene\/\",\"name\":\"Digit\u0101l\u0101 gr\u0101mata par \u0161izofr\u0113niju \u0123imen\u0113\",\"isPartOf\":{\"@id\":\"https:\/\/sizofrenija.lv\/sabiedribai\/#website\"},\"datePublished\":\"2024-04-08T10:56:35+00:00\",\"dateModified\":\"2024-06-26T21:31:03+00:00\",\"description\":\"K\u0101 pal\u012bdz\u0113t sev, ja apr\u016bp\u0113 tuvinieku ar \u0161izofr\u0113niju? Bezmaksas digit\u0101l\u0101 gr\u0101mata apr\u016bp\u0113t\u0101jiem un tuviniekiem - ATKL\u0100TI PAR \u0160IZOFR\u0112NIJU \u0122IMEN\u0112!\",\"breadcrumb\":{\"@id\":\"https:\/\/sizofrenija.lv\/sabiedribai\/atklati-par-sizofreniju-gimene\/#breadcrumb\"},\"inLanguage\":\"en-US\",\"potentialAction\":[{\"@type\":\"ReadAction\",\"target\":[\"https:\/\/sizofrenija.lv\/sabiedribai\/atklati-par-sizofreniju-gimene\/\"]}]},{\"@type\":\"BreadcrumbList\",\"@id\":\"https:\/\/sizofrenija.lv\/sabiedribai\/atklati-par-sizofreniju-gimene\/#breadcrumb\",\"itemListElement\":[{\"@type\":\"ListItem\",\"position\":1,\"name\":\"Home\",\"item\":\"https:\/\/sizofrenija.lv\/sabiedribai\/\"},{\"@type\":\"ListItem\",\"position\":2,\"name\":\"ATKL\u0100TI PAR \u0160IZOFR\u0112NIJU \u0122IMEN\u0112\"}]},{\"@type\":\"WebSite\",\"@id\":\"https:\/\/sizofrenija.lv\/sabiedribai\/#website\",\"url\":\"https:\/\/sizofrenija.lv\/sabiedribai\/\",\"name\":\"sizofrenija.lv\/sabiedribai\",\"description\":\"\",\"potentialAction\":[{\"@type\":\"SearchAction\",\"target\":{\"@type\":\"EntryPoint\",\"urlTemplate\":\"https:\/\/sizofrenija.lv\/sabiedribai\/?s={search_term_string}\"},\"query-input\":\"required name=search_term_string\"}],\"inLanguage\":\"en-US\"}]}<\/script>\n<!-- \/ Yoast SEO plugin. -->","yoast_head_json":{"title":"Digit\u0101l\u0101 gr\u0101mata par \u0161izofr\u0113niju \u0123imen\u0113","description":"K\u0101 pal\u012bdz\u0113t sev, ja apr\u016bp\u0113 tuvinieku ar \u0161izofr\u0113niju? Bezmaksas digit\u0101l\u0101 gr\u0101mata apr\u016bp\u0113t\u0101jiem un tuviniekiem - ATKL\u0100TI PAR \u0160IZOFR\u0112NIJU \u0122IMEN\u0112!","robots":{"index":"index","follow":"follow","max-snippet":"max-snippet:-1","max-image-preview":"max-image-preview:large","max-video-preview":"max-video-preview:-1"},"canonical":"https:\/\/sizofrenija.lv\/sabiedribai\/atklati-par-sizofreniju-gimene\/","og_locale":"en_US","og_type":"article","og_title":"Digit\u0101l\u0101 gr\u0101mata par \u0161izofr\u0113niju \u0123imen\u0113","og_description":"K\u0101 pal\u012bdz\u0113t sev, ja apr\u016bp\u0113 tuvinieku ar \u0161izofr\u0113niju? Bezmaksas digit\u0101l\u0101 gr\u0101mata apr\u016bp\u0113t\u0101jiem un tuviniekiem - ATKL\u0100TI PAR \u0160IZOFR\u0112NIJU \u0122IMEN\u0112!","og_url":"https:\/\/sizofrenija.lv\/sabiedribai\/atklati-par-sizofreniju-gimene\/","og_site_name":"sizofrenija.lv\/sabiedribai","article_modified_time":"2024-06-26T21:31:03+00:00","og_image":[{"width":2560,"height":1920,"url":"https:\/\/sizofrenija.lv\/sabiedribai\/wp-content\/uploads\/2024\/05\/Sizofrenija_atklati_gimene_ka_palidzet-scaled.jpg","type":"image\/jpeg"}],"twitter_card":"summary_large_image","schema":{"@context":"https:\/\/schema.org","@graph":[{"@type":"WebPage","@id":"https:\/\/sizofrenija.lv\/sabiedribai\/atklati-par-sizofreniju-gimene\/","url":"https:\/\/sizofrenija.lv\/sabiedribai\/atklati-par-sizofreniju-gimene\/","name":"Digit\u0101l\u0101 gr\u0101mata par \u0161izofr\u0113niju \u0123imen\u0113","isPartOf":{"@id":"https:\/\/sizofrenija.lv\/sabiedribai\/#website"},"datePublished":"2024-04-08T10:56:35+00:00","dateModified":"2024-06-26T21:31:03+00:00","description":"K\u0101 pal\u012bdz\u0113t sev, ja apr\u016bp\u0113 tuvinieku ar \u0161izofr\u0113niju? Bezmaksas digit\u0101l\u0101 gr\u0101mata apr\u016bp\u0113t\u0101jiem un tuviniekiem - ATKL\u0100TI PAR \u0160IZOFR\u0112NIJU \u0122IMEN\u0112!","breadcrumb":{"@id":"https:\/\/sizofrenija.lv\/sabiedribai\/atklati-par-sizofreniju-gimene\/#breadcrumb"},"inLanguage":"en-US","potentialAction":[{"@type":"ReadAction","target":["https:\/\/sizofrenija.lv\/sabiedribai\/atklati-par-sizofreniju-gimene\/"]}]},{"@type":"BreadcrumbList","@id":"https:\/\/sizofrenija.lv\/sabiedribai\/atklati-par-sizofreniju-gimene\/#breadcrumb","itemListElement":[{"@type":"ListItem","position":1,"name":"Home","item":"https:\/\/sizofrenija.lv\/sabiedribai\/"},{"@type":"ListItem","position":2,"name":"ATKL\u0100TI PAR \u0160IZOFR\u0112NIJU \u0122IMEN\u0112"}]},{"@type":"WebSite","@id":"https:\/\/sizofrenija.lv\/sabiedribai\/#website","url":"https:\/\/sizofrenija.lv\/sabiedribai\/","name":"sizofrenija.lv\/sabiedribai","description":"","potentialAction":[{"@type":"SearchAction","target":{"@type":"EntryPoint","urlTemplate":"https:\/\/sizofrenija.lv\/sabiedribai\/?s={search_term_string}"},"query-input":"required name=search_term_string"}],"inLanguage":"en-US"}]}},"_links":{"self":[{"href":"https:\/\/sizofrenija.lv\/sabiedribai\/wp-json\/wp\/v2\/pages\/4417","targetHints":{"allow":["GET"]}}],"collection":[{"href":"https:\/\/sizofrenija.lv\/sabiedribai\/wp-json\/wp\/v2\/pages"}],"about":[{"href":"https:\/\/sizofrenija.lv\/sabiedribai\/wp-json\/wp\/v2\/types\/page"}],"author":[{"embeddable":true,"href":"https:\/\/sizofrenija.lv\/sabiedribai\/wp-json\/wp\/v2\/users\/1"}],"replies":[{"embeddable":true,"href":"https:\/\/sizofrenija.lv\/sabiedribai\/wp-json\/wp\/v2\/comments?post=4417"}],"version-history":[{"count":50,"href":"https:\/\/sizofrenija.lv\/sabiedribai\/wp-json\/wp\/v2\/pages\/4417\/revisions"}],"predecessor-version":[{"id":5240,"href":"https:\/\/sizofrenija.lv\/sabiedribai\/wp-json\/wp\/v2\/pages\/4417\/revisions\/5240"}],"wp:featuredmedia":[{"embeddable":true,"href":"https:\/\/sizofrenija.lv\/sabiedribai\/wp-json\/wp\/v2\/media\/5187"}],"wp:attachment":[{"href":"https:\/\/sizofrenija.lv\/sabiedribai\/wp-json\/wp\/v2\/media?parent=4417"}],"curies":[{"name":"wp","href":"https:\/\/api.w.org\/{rel}","templated":true}]}}